{"id":128,"date":"2025-04-17T16:46:23","date_gmt":"2025-04-17T16:46:23","guid":{"rendered":"https:\/\/www.leilasdreams.sk\/?page_id=128"},"modified":"2026-03-23T09:28:46","modified_gmt":"2026-03-23T09:28:46","slug":"odchovy","status":"publish","type":"page","link":"https:\/\/www.leilasdreams.sk\/?page_id=128","title":{"rendered":"Odchovy"},"content":{"rendered":"\n<h2 class=\"wp-block-heading\"><strong>Vrh A<\/strong><\/h2>\n\n\n\n<div class=\"wp-block-columns is-layout-flex wp-container-core-columns-is-layout-9d6595d7 wp-block-columns-is-layout-flex\">\n<div class=\"wp-block-column is-layout-flow wp-block-column-is-layout-flow\" style=\"flex-basis:66.66%\">\n<p>T\u00ed prv\u00ed sa jednoducho nezab\u00fadaj\u00fa. Nie preto, \u017ee boli &#8222;vysn\u00edvan\u00ed&#8220; alebo &#8222;dlho o\u010dak\u00e1van\u00ed&#8220;, ale preto, \u017ee s nimi pri\u0161lo v\u0161etko prv\u00fdkr\u00e1t \u2013 prv\u00e9 bezsenn\u00e9 noci, prv\u00e9 nervy, prv\u00e9 \u201e\u010do teraz?!\u201c aj prv\u00fd hrd\u00fd moment, ke\u010f som si povedal: <em>\u201cToto s\u00fa moji psi.\u201d<\/em><\/p>\n\n\n\n<p>Ka\u017ed\u00fd jeden z nich mi dal nie\u010do. Nau\u010dili ma viac ne\u017e ak\u00e1ko\u013evek pr\u00edru\u010dka. Uk\u00e1zali mi, \u010do v\u0161etko chovate\u013estvo obn\u00e1\u0161a \u2013 to pekn\u00e9 aj to n\u00e1ro\u010dn\u00e9. A hlavne to, \u017ee nejde len o psy. Ide o \u013eud\u00ed, ktor\u00ed im daj\u00fa domov. O d\u00f4veru. O to, \u010do po t\u00fdchto psoch zostane \u2013 nie len v rodokme\u0148och, ale v srdciach.<\/p>\n\n\n\n<p><strong>Vrh A<\/strong> pre m\u0148a neznamen\u00e1 za\u010diatok chovu. Znamen\u00e1 za\u010diatok nie\u010doho, \u010do m\u00e1 zmysel. <\/p>\n\n\n\n<p><strong>\u010eakujeme v\u0161etk\u00fdm majite\u013eom \u00c1\u010diek<\/strong><br>Za d\u00f4veru, za to, \u017ee ste si vybrali pr\u00e1ve na\u0161e \u0161teniatko \u2013 a hlavne za to, ak\u00fd domov ste im dali. Sledova\u0165, ako rast\u00fa, ako ich milujete a ako s\u00fa s\u00fa\u010das\u0165ou Va\u0161ich \u017eivotov, je pre n\u00e1s t\u00e1 najv\u00e4\u010d\u0161ia odmena.\u2665&nbsp;<\/p>\n<\/div>\n\n\n\n<div class=\"wp-block-column is-layout-flow wp-block-column-is-layout-flow\" style=\"flex-basis:33.33%\">\n<figure class=\"wp-block-gallery has-nested-images columns-default is-cropped wp-block-gallery-1 is-layout-flex wp-block-gallery-is-layout-flex\">\n<figure class=\"wp-block-image size-large\"><img loading=\"lazy\" decoding=\"async\" width=\"724\" height=\"1024\" data-id=\"145\" src=\"https:\/\/www.leilasdreams.sk\/wp-content\/uploads\/2025\/04\/468617031_122174140304092071_1462585651455861478_n-724x1024.jpg\" alt=\"\" class=\"wp-image-145\" srcset=\"https:\/\/www.leilasdreams.sk\/wp-content\/uploads\/2025\/04\/468617031_122174140304092071_1462585651455861478_n-724x1024.jpg 724w, https:\/\/www.leilasdreams.sk\/wp-content\/uploads\/2025\/04\/468617031_122174140304092071_1462585651455861478_n-212x300.jpg 212w, https:\/\/www.leilasdreams.sk\/wp-content\/uploads\/2025\/04\/468617031_122174140304092071_1462585651455861478_n-768x1086.jpg 768w, https:\/\/www.leilasdreams.sk\/wp-content\/uploads\/2025\/04\/468617031_122174140304092071_1462585651455861478_n-1086x1536.jpg 1086w, https:\/\/www.leilasdreams.sk\/wp-content\/uploads\/2025\/04\/468617031_122174140304092071_1462585651455861478_n.jpg 1448w\" sizes=\"auto, (max-width: 724px) 100vw, 724px\" \/><\/figure>\n<\/figure>\n<\/div>\n<\/div>\n\n\n\n<div class=\"wp-block-columns is-layout-flex wp-container-core-columns-is-layout-9d6595d7 wp-block-columns-is-layout-flex\">\n<div class=\"wp-block-column is-layout-flow wp-block-column-is-layout-flow\">\n<p class=\"has-text-align-center\"><strong>AKIM THE PRINCE<\/strong><\/p>\n\n\n\n<figure class=\"wp-block-gallery has-nested-images columns-default is-cropped wp-block-gallery-2 is-layout-flex wp-block-gallery-is-layout-flex\">\n<figure class=\"wp-block-image size-large\"><img loading=\"lazy\" decoding=\"async\" width=\"682\" height=\"1024\" data-id=\"75\" src=\"https:\/\/www.leilasdreams.sk\/wp-content\/uploads\/2025\/04\/DSC_0348-1-edited-682x1024.jpg\" alt=\"\" class=\"wp-image-75\" srcset=\"https:\/\/www.leilasdreams.sk\/wp-content\/uploads\/2025\/04\/DSC_0348-1-edited-682x1024.jpg 682w, https:\/\/www.leilasdreams.sk\/wp-content\/uploads\/2025\/04\/DSC_0348-1-edited-200x300.jpg 200w, https:\/\/www.leilasdreams.sk\/wp-content\/uploads\/2025\/04\/DSC_0348-1-edited-768x1152.jpg 768w, https:\/\/www.leilasdreams.sk\/wp-content\/uploads\/2025\/04\/DSC_0348-1-edited-1024x1536.jpg 1024w, https:\/\/www.leilasdreams.sk\/wp-content\/uploads\/2025\/04\/DSC_0348-1-edited-1365x2048.jpg 1365w, https:\/\/www.leilasdreams.sk\/wp-content\/uploads\/2025\/04\/DSC_0348-1-edited-scaled.jpg 1706w\" sizes=\"auto, (max-width: 682px) 100vw, 682px\" \/><\/figure>\n<\/figure>\n\n\n\n<p class=\"has-text-align-center\">HD: A, ED: 0\/0<br>O\u010di \u010dist\u00e9 vr\u00e1tane gonio.<\/p>\n<\/div>\n\n\n\n<div class=\"wp-block-column is-layout-flow wp-block-column-is-layout-flow\">\n<p class=\"has-text-align-center\"><strong>AIKO GOODLY SMILE<\/strong><\/p>\n\n\n\n<figure class=\"wp-block-gallery has-nested-images columns-default is-cropped wp-block-gallery-3 is-layout-flex wp-block-gallery-is-layout-flex\">\n<figure class=\"wp-block-image size-large\"><img loading=\"lazy\" decoding=\"async\" width=\"683\" height=\"1024\" data-id=\"174\" src=\"https:\/\/www.leilasdreams.sk\/wp-content\/uploads\/2025\/04\/247ff30d-f4db-430a-9dd4-abb9c61c4e73-683x1024.jpg\" alt=\"\" class=\"wp-image-174\" srcset=\"https:\/\/www.leilasdreams.sk\/wp-content\/uploads\/2025\/04\/247ff30d-f4db-430a-9dd4-abb9c61c4e73-683x1024.jpg 683w, https:\/\/www.leilasdreams.sk\/wp-content\/uploads\/2025\/04\/247ff30d-f4db-430a-9dd4-abb9c61c4e73-200x300.jpg 200w, https:\/\/www.leilasdreams.sk\/wp-content\/uploads\/2025\/04\/247ff30d-f4db-430a-9dd4-abb9c61c4e73-768x1151.jpg 768w, https:\/\/www.leilasdreams.sk\/wp-content\/uploads\/2025\/04\/247ff30d-f4db-430a-9dd4-abb9c61c4e73-1025x1536.jpg 1025w, https:\/\/www.leilasdreams.sk\/wp-content\/uploads\/2025\/04\/247ff30d-f4db-430a-9dd4-abb9c61c4e73.jpg 1366w\" sizes=\"auto, (max-width: 683px) 100vw, 683px\" \/><\/figure>\n<\/figure>\n<\/div>\n\n\n\n<div class=\"wp-block-column is-layout-flow wp-block-column-is-layout-flow\">\n<p class=\"has-text-align-center\"><strong>AARON ICE SHADOW<\/strong><\/p>\n\n\n\n<figure class=\"wp-block-gallery has-nested-images columns-default is-cropped wp-block-gallery-4 is-layout-flex wp-block-gallery-is-layout-flex\">\n<figure class=\"wp-block-image size-large\"><img loading=\"lazy\" decoding=\"async\" width=\"768\" height=\"1024\" data-id=\"165\" src=\"https:\/\/www.leilasdreams.sk\/wp-content\/uploads\/2025\/04\/379eb595-7420-4bde-9282-49a0634035f4-768x1024.jpg\" alt=\"\" class=\"wp-image-165\" srcset=\"https:\/\/www.leilasdreams.sk\/wp-content\/uploads\/2025\/04\/379eb595-7420-4bde-9282-49a0634035f4-768x1024.jpg 768w, https:\/\/www.leilasdreams.sk\/wp-content\/uploads\/2025\/04\/379eb595-7420-4bde-9282-49a0634035f4-225x300.jpg 225w, https:\/\/www.leilasdreams.sk\/wp-content\/uploads\/2025\/04\/379eb595-7420-4bde-9282-49a0634035f4-1152x1536.jpg 1152w, https:\/\/www.leilasdreams.sk\/wp-content\/uploads\/2025\/04\/379eb595-7420-4bde-9282-49a0634035f4.jpg 1200w\" sizes=\"auto, (max-width: 768px) 100vw, 768px\" \/><\/figure>\n<\/figure>\n<\/div>\n<\/div>\n\n\n\n<div class=\"wp-block-group\"><div class=\"wp-block-group__inner-container is-layout-constrained wp-block-group-is-layout-constrained\">\n<div class=\"wp-block-columns is-layout-flex wp-container-core-columns-is-layout-9d6595d7 wp-block-columns-is-layout-flex\">\n<div class=\"wp-block-column is-layout-flow wp-block-column-is-layout-flow\">\n<div class=\"wp-block-columns is-layout-flex wp-container-core-columns-is-layout-9d6595d7 wp-block-columns-is-layout-flex\">\n<div class=\"wp-block-column is-layout-flow wp-block-column-is-layout-flow\">\n<p class=\"has-text-align-center\"><strong>ARTHUR THE KING<\/strong><\/p>\n\n\n\n<figure class=\"wp-block-gallery has-nested-images columns-default is-cropped wp-block-gallery-5 is-layout-flex wp-block-gallery-is-layout-flex\">\n<figure class=\"wp-block-image size-large\"><img loading=\"lazy\" decoding=\"async\" width=\"627\" height=\"835\" data-id=\"109\" src=\"https:\/\/www.leilasdreams.sk\/wp-content\/uploads\/2025\/04\/1732902301.jpeg\" alt=\"\" class=\"wp-image-109\" srcset=\"https:\/\/www.leilasdreams.sk\/wp-content\/uploads\/2025\/04\/1732902301.jpeg 627w, https:\/\/www.leilasdreams.sk\/wp-content\/uploads\/2025\/04\/1732902301-225x300.jpeg 225w\" sizes=\"auto, (max-width: 627px) 100vw, 627px\" \/><\/figure>\n<\/figure>\n<\/div>\n\n\n\n<div class=\"wp-block-column is-layout-flow wp-block-column-is-layout-flow\">\n<p class=\"has-text-align-center\"><strong>ARMY FOULY<\/strong><\/p>\n\n\n\n<figure class=\"wp-block-gallery has-nested-images columns-default is-cropped wp-block-gallery-6 is-layout-flex wp-block-gallery-is-layout-flex\">\n<figure class=\"wp-block-image size-large\"><img loading=\"lazy\" decoding=\"async\" width=\"723\" height=\"1024\" data-id=\"172\" src=\"https:\/\/www.leilasdreams.sk\/wp-content\/uploads\/2025\/04\/5652eec6-490f-474f-a487-f82863ff1994-1-723x1024.jpg\" alt=\"\" class=\"wp-image-172\" srcset=\"https:\/\/www.leilasdreams.sk\/wp-content\/uploads\/2025\/04\/5652eec6-490f-474f-a487-f82863ff1994-1-723x1024.jpg 723w, https:\/\/www.leilasdreams.sk\/wp-content\/uploads\/2025\/04\/5652eec6-490f-474f-a487-f82863ff1994-1-212x300.jpg 212w, https:\/\/www.leilasdreams.sk\/wp-content\/uploads\/2025\/04\/5652eec6-490f-474f-a487-f82863ff1994-1-768x1088.jpg 768w, https:\/\/www.leilasdreams.sk\/wp-content\/uploads\/2025\/04\/5652eec6-490f-474f-a487-f82863ff1994-1-1084x1536.jpg 1084w, https:\/\/www.leilasdreams.sk\/wp-content\/uploads\/2025\/04\/5652eec6-490f-474f-a487-f82863ff1994-1.jpg 1148w\" sizes=\"auto, (max-width: 723px) 100vw, 723px\" \/><\/figure>\n<\/figure>\n<\/div>\n\n\n\n<div class=\"wp-block-column is-layout-flow wp-block-column-is-layout-flow\">\n<p class=\"has-text-align-center\"><strong>ARRA THE QUEEN<\/strong><\/p>\n\n\n\n<figure class=\"wp-block-gallery has-nested-images columns-default is-cropped wp-block-gallery-7 is-layout-flex wp-block-gallery-is-layout-flex\">\n<figure class=\"wp-block-image size-large\"><img loading=\"lazy\" decoding=\"async\" width=\"682\" height=\"1024\" data-id=\"77\" src=\"https:\/\/www.leilasdreams.sk\/wp-content\/uploads\/2025\/04\/DSC_0207-2-edited-682x1024.jpg\" alt=\"\" class=\"wp-image-77\" srcset=\"https:\/\/www.leilasdreams.sk\/wp-content\/uploads\/2025\/04\/DSC_0207-2-edited-682x1024.jpg 682w, https:\/\/www.leilasdreams.sk\/wp-content\/uploads\/2025\/04\/DSC_0207-2-edited-200x300.jpg 200w, https:\/\/www.leilasdreams.sk\/wp-content\/uploads\/2025\/04\/DSC_0207-2-edited-768x1152.jpg 768w, https:\/\/www.leilasdreams.sk\/wp-content\/uploads\/2025\/04\/DSC_0207-2-edited-1024x1536.jpg 1024w, https:\/\/www.leilasdreams.sk\/wp-content\/uploads\/2025\/04\/DSC_0207-2-edited-1365x2048.jpg 1365w, https:\/\/www.leilasdreams.sk\/wp-content\/uploads\/2025\/04\/DSC_0207-2-edited-scaled.jpg 1706w\" sizes=\"auto, (max-width: 682px) 100vw, 682px\" \/><\/figure>\n<\/figure>\n\n\n\n<p class=\"has-text-align-center\">HD: A, ED: 0\/0<\/p>\n<\/div>\n<\/div>\n<\/div>\n<\/div>\n<\/div><\/div>\n\n\n\n<figure class=\"wp-block-gallery has-nested-images columns-default is-cropped wp-block-gallery-8 is-layout-flex wp-block-gallery-is-layout-flex\">\n<figure class=\"wp-block-image size-large\"><img loading=\"lazy\" decoding=\"async\" width=\"1024\" height=\"680\" data-id=\"116\" src=\"https:\/\/www.leilasdreams.sk\/wp-content\/uploads\/2025\/04\/DSC_0479-1024x680.jpg\" alt=\"\" class=\"wp-image-116\" srcset=\"https:\/\/www.leilasdreams.sk\/wp-content\/uploads\/2025\/04\/DSC_0479-1024x680.jpg 1024w, https:\/\/www.leilasdreams.sk\/wp-content\/uploads\/2025\/04\/DSC_0479-300x199.jpg 300w, https:\/\/www.leilasdreams.sk\/wp-content\/uploads\/2025\/04\/DSC_0479-768x510.jpg 768w, https:\/\/www.leilasdreams.sk\/wp-content\/uploads\/2025\/04\/DSC_0479-1536x1020.jpg 1536w, https:\/\/www.leilasdreams.sk\/wp-content\/uploads\/2025\/04\/DSC_0479-2048x1360.jpg 2048w\" sizes=\"auto, (max-width: 1024px) 100vw, 1024px\" \/><\/figure>\n<\/figure>\n\n\n\n<p><\/p>\n","protected":false},"excerpt":{"rendered":"<p>Vrh A T\u00ed prv\u00ed sa jednoducho nezab\u00fadaj\u00fa. Nie preto, \u017ee boli &#8222;vysn\u00edvan\u00ed&#8220; alebo &#8222;dlho o\u010dak\u00e1van\u00ed&#8220;, ale preto, \u017ee s nimi pri\u0161lo v\u0161etko prv\u00fdkr\u00e1t \u2013 prv\u00e9 bezsenn\u00e9 noci, prv\u00e9 nervy, prv\u00e9 \u201e\u010do teraz?!\u201c aj prv\u00fd hrd\u00fd moment, ke\u010f som si povedal: \u201cToto s\u00fa moji psi.\u201d Ka\u017ed\u00fd jeden z nich mi dal nie\u010do. Nau\u010dili ma viac ne\u017e&hellip;<\/p>\n","protected":false},"author":1,"featured_media":152,"parent":0,"menu_order":0,"comment_status":"closed","ping_status":"closed","template":"","meta":{"_monsterinsights_skip_tracking":false,"_monsterinsights_sitenote_active":false,"_monsterinsights_sitenote_note":"","_monsterinsights_sitenote_category":0,"footnotes":""},"class_list":["post-128","page","type-page","status-publish","has-post-thumbnail","hentry"],"_links":{"self":[{"href":"https:\/\/www.leilasdreams.sk\/index.php?rest_route=\/wp\/v2\/pages\/128","targetHints":{"allow":["GET"]}}],"collection":[{"href":"https:\/\/www.leilasdreams.sk\/index.php?rest_route=\/wp\/v2\/pages"}],"about":[{"href":"https:\/\/www.leilasdreams.sk\/index.php?rest_route=\/wp\/v2\/types\/page"}],"author":[{"embeddable":true,"href":"https:\/\/www.leilasdreams.sk\/index.php?rest_route=\/wp\/v2\/users\/1"}],"replies":[{"embeddable":true,"href":"https:\/\/www.leilasdreams.sk\/index.php?rest_route=%2Fwp%2Fv2%2Fcomments&post=128"}],"version-history":[{"count":13,"href":"https:\/\/www.leilasdreams.sk\/index.php?rest_route=\/wp\/v2\/pages\/128\/revisions"}],"predecessor-version":[{"id":294,"href":"https:\/\/www.leilasdreams.sk\/index.php?rest_route=\/wp\/v2\/pages\/128\/revisions\/294"}],"wp:featuredmedia":[{"embeddable":true,"href":"https:\/\/www.leilasdreams.sk\/index.php?rest_route=\/wp\/v2\/media\/152"}],"wp:attachment":[{"href":"https:\/\/www.leilasdreams.sk\/index.php?rest_route=%2Fwp%2Fv2%2Fmedia&parent=128"}],"curies":[{"name":"wp","href":"https:\/\/api.w.org\/{rel}","templated":true}]}}