{"id":13,"date":"2025-04-17T12:15:56","date_gmt":"2025-04-17T12:15:56","guid":{"rendered":"https:\/\/www.leilasdreams.sk\/?page_id=13"},"modified":"2025-04-17T15:19:11","modified_gmt":"2025-04-17T15:19:11","slug":"o-nas","status":"publish","type":"page","link":"https:\/\/www.leilasdreams.sk\/","title":{"rendered":"O n\u00e1s"},"content":{"rendered":"\n<div class=\"wp-block-group alignfull is-style-section-2\" style=\"margin-top:0;margin-bottom:0;padding-top:var(--wp--preset--spacing--60);padding-bottom:var(--wp--preset--spacing--60)\"><div class=\"wp-block-group__inner-container is-layout-constrained wp-block-group-is-layout-constrained\">\n<div class=\"wp-block-columns alignwide is-layout-flex wp-container-core-columns-is-layout-52fe8137 wp-block-columns-is-layout-flex\">\n<div class=\"wp-block-column is-vertically-aligned-top is-layout-flow wp-block-column-is-layout-flow\" style=\"flex-basis:40%\">\n<figure class=\"wp-block-gallery has-nested-images columns-default is-cropped wp-block-gallery-1 is-layout-flex wp-block-gallery-is-layout-flex\">\n<figure class=\"wp-block-image size-large\"><img loading=\"lazy\" decoding=\"async\" width=\"1506\" height=\"2560\" data-id=\"47\" src=\"https:\/\/www.leilasdreams.sk\/wp-content\/uploads\/2025\/04\/DSC_0355-edited-scaled.jpg\" alt=\"\" class=\"wp-image-47\" srcset=\"https:\/\/www.leilasdreams.sk\/wp-content\/uploads\/2025\/04\/DSC_0355-edited-scaled.jpg 1506w, https:\/\/www.leilasdreams.sk\/wp-content\/uploads\/2025\/04\/DSC_0355-edited-176x300.jpg 176w, https:\/\/www.leilasdreams.sk\/wp-content\/uploads\/2025\/04\/DSC_0355-edited-602x1024.jpg 602w, https:\/\/www.leilasdreams.sk\/wp-content\/uploads\/2025\/04\/DSC_0355-edited-768x1306.jpg 768w, https:\/\/www.leilasdreams.sk\/wp-content\/uploads\/2025\/04\/DSC_0355-edited-903x1536.jpg 903w, https:\/\/www.leilasdreams.sk\/wp-content\/uploads\/2025\/04\/DSC_0355-edited-1205x2048.jpg 1205w\" sizes=\"auto, (max-width: 1506px) 100vw, 1506px\" \/><\/figure>\n<\/figure>\n<\/div>\n\n\n\n<div class=\"wp-block-column is-vertically-aligned-center is-layout-flow wp-block-column-is-layout-flow\" style=\"flex-basis:60%\">\n<h2 class=\"wp-block-heading has-xx-large-font-size\">Pr\u00edbeh..<\/h2>\n\n\n\n<p class=\"has-text-align-left\">Niektor\u00e9 veci v \u017eivote pr\u00eddu a\u017e vtedy, ke\u010f na ne \u010dlovek naozaj dozrie. Presne tak to bolo aj s moj\u00edm vz\u0165ahom k psom.<\/p>\n\n\n\n<p class=\"has-text-align-left\">V\u017edy som mal k nim bl\u00edzko, len okolnosti mi nikdy \u00faplne nehrali do kar\u00e1t. Pr\u00e1ca, b\u00fdvanie, tempo \u017eivota&#8230; jednoducho som vedel, \u017ee pes by v tom v\u0161etkom nebol \u0161\u0165astn\u00fd. A ja by som nebol spokojn\u00fd, keby som mu nemohol da\u0165 to, \u010do si zasl\u00fa\u017ei.<\/p>\n\n\n\n<p class=\"has-text-align-left\">A potom sa to zlomilo. \u017divot sa kone\u010dne ust\u00e1lil \u2013 na\u0161iel som si svoje miesto, zistil som \u010do chcem a \u010do u\u017e nie. A presne vtedy pri\u0161la <strong>Leila<\/strong>.<\/p>\n\n\n\n<p class=\"has-text-align-left\">Pam\u00e4t\u00e1m si ten de\u0148, ako keby to bolo v\u010dera. Mal som pred sebou n\u00e1dhern\u00e9 \u0161te\u0148a s iskrou v oku a tvrdohlavos\u0165ou, ak\u00fa vie ma\u0165 len husky. Prv\u00e9 t\u00fd\u017edne boli \u010dist\u00fd chaos \u2013 roz\u017eut\u00e9 top\u00e1nky, behanie po dvore o polnoci, v\u00fdchova \u0161t\u00fdlom pokus\u2013omyl. Ale popritom v\u0161etkom sa budovalo nie\u010do, \u010do sa slovami \u0165a\u017eko opisuje. D\u00f4vera. Spojenie. Par\u0165\u00e1ctvo<\/p>\n\n\n\n<p class=\"has-text-align-left\">Leila mi uk\u00e1zala, \u010do v\u0161etko dok\u00e1\u017ee pes da\u0165 \u010dloveku, ke\u010f mu naozaj rozumie\u0161. A ako dok\u00e1\u017ee \u00faplne zmeni\u0165 poh\u013ead na \u017eivot. S \u0148ou pri\u0161iel pokoj aj nov\u00fd smer. U\u017e to nebol len pes pre radov\u00e1nky a prech\u00e1dzky. Zrazu som za\u010dal rozm\u00fd\u0161\u013ea\u0165 inak \u2013 hlb\u0161ie.<\/p>\n\n\n\n<p class=\"has-text-align-left\">Hovoril som si, \u017ee keby mala ma\u0165 raz potomkov, chcel by som, aby boli ako ona \u2013 siln\u00ed, vyrovnan\u00ed a s charakterom. A \u010d\u00edm viac som nad t\u00fdm prem\u00fd\u0161\u013eal, t\u00fdm jasnej\u0161ie som c\u00edtil, \u017ee to nebude len o jednom psovi. \u017de toto je za\u010diatok nie\u010doho v\u00e4\u010d\u0161ieho.<\/p>\n\n\n\n<p class=\"has-text-align-left\">A ke\u010f u\u017e nie\u010do za\u010dnem, chcem to robi\u0165 naplno. Nie kv\u00f4li papierom, nie pre prest\u00ed\u017e. Ale preto, \u017ee viem, \u010do do toho d\u00e1vam \u2013 a \u010do to dok\u00e1\u017ee prinies\u0165 druh\u00fdm. Tak vznikla my\u0161lienka chovate\u013eskej stanice. Nie z rozmaru. Ale z re\u0161pektu k plemenu, z \u00facty k Leile\u2026 a z t\u00fa\u017eby posun\u00fa\u0165 ten pr\u00edbeh \u010falej.<\/p>\n<\/div>\n<\/div>\n\n\n\n<div class=\"wp-block-columns is-layout-flex wp-container-core-columns-is-layout-9d6595d7 wp-block-columns-is-layout-flex\">\n<div class=\"wp-block-column is-layout-flow wp-block-column-is-layout-flow\" style=\"flex-basis:66.66%\">\n<p class=\"has-text-align-left\">Chovate\u013esk\u00e1 stanica <strong>Beautiful Leila\u2019s Dreams<\/strong> vznikla z re\u0161pektu k jedn\u00e9mu psovi, no ve\u013emi r\u00fdchlo som pochopil, \u017ee to bude o nie\u010dom ove\u013ea v\u00e4\u010d\u0161om. Husky nie je len plemeno \u2013 je to \u017eivotn\u00fd \u0161t\u00fdl. Kto ich pozn\u00e1, ten vie, \u017ee s nimi to nikdy nie je len o peknom v\u00fdzore. Je to o pohybe, o v\u00fdzvach, o tvrdohlavosti aj nekone\u010dnej vernosti.<\/p>\n\n\n\n<p class=\"has-text-align-left\">Nie s\u00fa to psi pre ka\u017ed\u00e9ho. Ale ke\u010f si sadnete, vznikne medzi \u010dlovekom a huskym nie\u010do, \u010do sa ned\u00e1 len tak zlomi\u0165. A presne o to sa sna\u017e\u00edme \u2013 odchov\u00e1va\u0165 psy, ktor\u00e9 bud\u00fa ma\u0165 nielen v\u00fdstavn\u00e9 predpoklady, ale najm\u00e4 pevn\u00fd charakter a zdrav\u00e9 z\u00e1klady. Psy, ktor\u00e9 bud\u00fa rovnako doma v hor\u00e1ch ako na gau\u010di, ke\u010f na to pr\u00edde.<\/p>\n\n\n\n<p class=\"has-text-align-left\">U n\u00e1s nie je cie\u013eom kvantita. Sme mal\u00e1 rodinn\u00e1 stanica, kde ka\u017ed\u00e9 jedno \u0161te\u0148a prejde rukami, l\u00e1skou a poriadnou socializ\u00e1ciou. Nechceme produkova\u0165 psy, chceme budova\u0165 bud\u00facich par\u0165\u00e1kov. Preto si d\u00e1vame z\u00e1le\u017ea\u0165 na v\u00fdbere spojen\u00ed, na zdrav\u00ed, povahe a v\u0161etkom, \u010do rob\u00ed huskyho huskym.<\/p>\n\n\n\n<p class=\"has-text-align-left\">Odchovy od n\u00e1s putuj\u00fa do rod\u00edn, ktor\u00e9 vedia, \u010do obn\u00e1\u0161a ma\u0165 sib\u00edrskeho huskyho. Pom\u00e1hame s pr\u00edpravou, rad\u00edme, zost\u00e1vame v kontakte. Nie preto, \u017ee mus\u00edme. Ale preto, \u017ee n\u00e1m to nie je jedno.<\/p>\n\n\n\n<p class=\"has-text-align-left\"><strong>Beautiful Leila\u2019s Dreams<\/strong> nie je len meno. Je to pripomienka, kde to cel\u00e9 za\u010dalo \u2013 pri jednom psovi, jednej my\u0161lienke a t\u00fa\u017ebe robi\u0165 to poctivo. A hoci u\u017e dnes nejde len o Leilu, jej odkaz ost\u00e1va v ka\u017edom jednom \u0161te\u0148ati, ktor\u00e9 od n\u00e1s odch\u00e1dza.<\/p>\n<\/div>\n\n\n\n<div class=\"wp-block-column is-layout-flow wp-block-column-is-layout-flow\" style=\"flex-basis:33.33%\">\n<figure class=\"wp-block-gallery has-nested-images columns-default is-cropped wp-block-gallery-2 is-layout-flex wp-block-gallery-is-layout-flex\">\n<figure class=\"wp-block-image size-large\"><img loading=\"lazy\" decoding=\"async\" width=\"1024\" height=\"721\" data-id=\"58\" src=\"https:\/\/www.leilasdreams.sk\/wp-content\/uploads\/2025\/04\/468508104_122173964546092071_7967284373840370055_n-1-1024x721.jpg\" alt=\"\" class=\"wp-image-58\" srcset=\"https:\/\/www.leilasdreams.sk\/wp-content\/uploads\/2025\/04\/468508104_122173964546092071_7967284373840370055_n-1-1024x721.jpg 1024w, https:\/\/www.leilasdreams.sk\/wp-content\/uploads\/2025\/04\/468508104_122173964546092071_7967284373840370055_n-1-300x211.jpg 300w, https:\/\/www.leilasdreams.sk\/wp-content\/uploads\/2025\/04\/468508104_122173964546092071_7967284373840370055_n-1-768x541.jpg 768w, https:\/\/www.leilasdreams.sk\/wp-content\/uploads\/2025\/04\/468508104_122173964546092071_7967284373840370055_n-1-1536x1082.jpg 1536w, https:\/\/www.leilasdreams.sk\/wp-content\/uploads\/2025\/04\/468508104_122173964546092071_7967284373840370055_n-1.jpg 2048w\" sizes=\"auto, (max-width: 1024px) 100vw, 1024px\" \/><\/figure>\n<\/figure>\n<\/div>\n<\/div>\n<\/div><\/div>\n\n\n\n<figure class=\"wp-block-gallery has-nested-images columns-default is-cropped wp-block-gallery-3 is-layout-flex wp-block-gallery-is-layout-flex\">\n<figure class=\"wp-block-image size-large\"><img loading=\"lazy\" decoding=\"async\" width=\"1024\" height=\"823\" data-id=\"50\" src=\"https:\/\/www.leilasdreams.sk\/wp-content\/uploads\/2025\/04\/DSC_0348-1-1024x823.jpg\" alt=\"\" class=\"wp-image-50\" srcset=\"https:\/\/www.leilasdreams.sk\/wp-content\/uploads\/2025\/04\/DSC_0348-1-1024x823.jpg 1024w, https:\/\/www.leilasdreams.sk\/wp-content\/uploads\/2025\/04\/DSC_0348-1-300x241.jpg 300w, https:\/\/www.leilasdreams.sk\/wp-content\/uploads\/2025\/04\/DSC_0348-1-768x617.jpg 768w, https:\/\/www.leilasdreams.sk\/wp-content\/uploads\/2025\/04\/DSC_0348-1-1536x1235.jpg 1536w, https:\/\/www.leilasdreams.sk\/wp-content\/uploads\/2025\/04\/DSC_0348-1-2048x1646.jpg 2048w\" sizes=\"auto, (max-width: 1024px) 100vw, 1024px\" \/><\/figure>\n\n\n\n<figure class=\"wp-block-image size-large\"><img decoding=\"async\" data-id=\"51\" src=\"https:\/\/www.leilasdreams.sk\/wp-content\/uploads\/2025\/04\/DSC_0207-1-1024x761.jpg\" alt=\"\" class=\"wp-image-51\"\/><\/figure>\n\n\n\n<figure class=\"wp-block-image size-large\"><img loading=\"lazy\" decoding=\"async\" width=\"1024\" height=\"680\" data-id=\"48\" src=\"https:\/\/www.leilasdreams.sk\/wp-content\/uploads\/2025\/04\/435683640_10220096623600994_2504449455788938025_n-1024x680.jpg\" alt=\"\" class=\"wp-image-48\" srcset=\"https:\/\/www.leilasdreams.sk\/wp-content\/uploads\/2025\/04\/435683640_10220096623600994_2504449455788938025_n-1024x680.jpg 1024w, https:\/\/www.leilasdreams.sk\/wp-content\/uploads\/2025\/04\/435683640_10220096623600994_2504449455788938025_n-300x199.jpg 300w, https:\/\/www.leilasdreams.sk\/wp-content\/uploads\/2025\/04\/435683640_10220096623600994_2504449455788938025_n-768x510.jpg 768w, https:\/\/www.leilasdreams.sk\/wp-content\/uploads\/2025\/04\/435683640_10220096623600994_2504449455788938025_n-1536x1020.jpg 1536w, https:\/\/www.leilasdreams.sk\/wp-content\/uploads\/2025\/04\/435683640_10220096623600994_2504449455788938025_n.jpg 2001w\" sizes=\"auto, (max-width: 1024px) 100vw, 1024px\" \/><\/figure>\n<\/figure>\n","protected":false},"excerpt":{"rendered":"<p>Pr\u00edbeh.. Niektor\u00e9 veci v \u017eivote pr\u00eddu a\u017e vtedy, ke\u010f na ne \u010dlovek naozaj dozrie. Presne tak to bolo aj s moj\u00edm vz\u0165ahom k psom. V\u017edy som mal k nim bl\u00edzko, len okolnosti mi nikdy \u00faplne nehrali do kar\u00e1t. Pr\u00e1ca, b\u00fdvanie, tempo \u017eivota&#8230; jednoducho som vedel, \u017ee pes by v tom v\u0161etkom nebol \u0161\u0165astn\u00fd. A ja&hellip;<\/p>\n","protected":false},"author":1,"featured_media":51,"parent":0,"menu_order":0,"comment_status":"closed","ping_status":"closed","template":"","meta":{"_monsterinsights_skip_tracking":false,"_monsterinsights_sitenote_active":false,"_monsterinsights_sitenote_note":"","_monsterinsights_sitenote_category":0,"footnotes":""},"class_list":["post-13","page","type-page","status-publish","has-post-thumbnail","hentry"],"_links":{"self":[{"href":"https:\/\/www.leilasdreams.sk\/index.php?rest_route=\/wp\/v2\/pages\/13","targetHints":{"allow":["GET"]}}],"collection":[{"href":"https:\/\/www.leilasdreams.sk\/index.php?rest_route=\/wp\/v2\/pages"}],"about":[{"href":"https:\/\/www.leilasdreams.sk\/index.php?rest_route=\/wp\/v2\/types\/page"}],"author":[{"embeddable":true,"href":"https:\/\/www.leilasdreams.sk\/index.php?rest_route=\/wp\/v2\/users\/1"}],"replies":[{"embeddable":true,"href":"https:\/\/www.leilasdreams.sk\/index.php?rest_route=%2Fwp%2Fv2%2Fcomments&post=13"}],"version-history":[{"count":12,"href":"https:\/\/www.leilasdreams.sk\/index.php?rest_route=\/wp\/v2\/pages\/13\/revisions"}],"predecessor-version":[{"id":67,"href":"https:\/\/www.leilasdreams.sk\/index.php?rest_route=\/wp\/v2\/pages\/13\/revisions\/67"}],"wp:featuredmedia":[{"embeddable":true,"href":"https:\/\/www.leilasdreams.sk\/index.php?rest_route=\/wp\/v2\/media\/51"}],"wp:attachment":[{"href":"https:\/\/www.leilasdreams.sk\/index.php?rest_route=%2Fwp%2Fv2%2Fmedia&parent=13"}],"curies":[{"name":"wp","href":"https:\/\/api.w.org\/{rel}","templated":true}]}}