{"id":17,"date":"2025-04-17T12:16:45","date_gmt":"2025-04-17T12:16:45","guid":{"rendered":"https:\/\/www.leilasdreams.sk\/?page_id=17"},"modified":"2026-03-23T09:33:22","modified_gmt":"2026-03-23T09:33:22","slug":"novinky","status":"publish","type":"page","link":"https:\/\/www.leilasdreams.sk\/?page_id=17","title":{"rendered":"Novinky"},"content":{"rendered":"\n<p class=\"has-text-align-center\">Pl\u00e1nujeme \u0161teniatka na jar 2026. V pr\u00edpade z\u00e1ujmu n\u00e1s nev\u00e1hajte kontaktova\u0165 na <strong>beautifulleilasdreams@gmail.com<\/strong> alebo na telef\u00f3nnom \u010d\u00edsle <strong>+421 908 550 234.<\/strong><\/p>\n\n\n\n<div class=\"wp-block-columns is-layout-flex wp-container-core-columns-is-layout-9d6595d7 wp-block-columns-is-layout-flex\">\n<div class=\"wp-block-column is-layout-flow wp-block-column-is-layout-flow\">\n<p>Maminkou bud\u00facich \u0161teniatok bude na\u0161a milovan\u00e1 Leilinka \u2013 <strong><a href=\"https:\/\/www.leilasdreams.sk\/?page_id=83\" data-type=\"page\" data-id=\"83\">Leila Siberian of Kim\u2019s Dream<\/a><\/strong>. <\/p>\n\n\n\n<figure class=\"wp-block-image size-large\"><img loading=\"lazy\" decoding=\"async\" width=\"680\" height=\"1024\" src=\"http:\/\/www.leilasdreams.sk\/wp-content\/uploads\/2026\/03\/DSC_0326-edited-680x1024.jpg\" alt=\"\" class=\"wp-image-283\" srcset=\"https:\/\/www.leilasdreams.sk\/wp-content\/uploads\/2026\/03\/DSC_0326-edited-680x1024.jpg 680w, https:\/\/www.leilasdreams.sk\/wp-content\/uploads\/2026\/03\/DSC_0326-edited-199x300.jpg 199w, https:\/\/www.leilasdreams.sk\/wp-content\/uploads\/2026\/03\/DSC_0326-edited-768x1156.jpg 768w, https:\/\/www.leilasdreams.sk\/wp-content\/uploads\/2026\/03\/DSC_0326-edited-1020x1536.jpg 1020w, https:\/\/www.leilasdreams.sk\/wp-content\/uploads\/2026\/03\/DSC_0326-edited-1360x2048.jpg 1360w, https:\/\/www.leilasdreams.sk\/wp-content\/uploads\/2026\/03\/DSC_0326-edited-scaled.jpg 1700w\" sizes=\"auto, (max-width: 680px) 100vw, 680px\" \/><\/figure>\n<\/div>\n\n\n\n<div class=\"wp-block-column is-layout-flow wp-block-column-is-layout-flow\">\n<p>Otcom pl\u00e1novan\u00e9ho vrhu bude v\u00fdnimo\u010dn\u00fd pes <strong>Cupido Love In Hands PERFECT TO ME<\/strong><\/p>\n\n\n\n<figure class=\"wp-block-image size-large\"><img loading=\"lazy\" decoding=\"async\" width=\"1024\" height=\"1536\" src=\"https:\/\/www.leilasdreams.sk\/wp-content\/uploads\/2026\/03\/b1b2c119-06af-4443-92da-ea382e5adb4d-edited.jpg\" alt=\"\" class=\"wp-image-289\" srcset=\"https:\/\/www.leilasdreams.sk\/wp-content\/uploads\/2026\/03\/b1b2c119-06af-4443-92da-ea382e5adb4d-edited.jpg 1024w, https:\/\/www.leilasdreams.sk\/wp-content\/uploads\/2026\/03\/b1b2c119-06af-4443-92da-ea382e5adb4d-edited-200x300.jpg 200w, https:\/\/www.leilasdreams.sk\/wp-content\/uploads\/2026\/03\/b1b2c119-06af-4443-92da-ea382e5adb4d-edited-683x1024.jpg 683w, https:\/\/www.leilasdreams.sk\/wp-content\/uploads\/2026\/03\/b1b2c119-06af-4443-92da-ea382e5adb4d-edited-768x1152.jpg 768w\" sizes=\"auto, (max-width: 1024px) 100vw, 1024px\" \/><\/figure>\n<\/div>\n<\/div>\n\n\n\n<hr class=\"wp-block-separator has-alpha-channel-opacity\"\/>\n\n\n\n<p class=\"has-text-align-center\">\u010eal\u0161\u00ed v\u00edkend na v\u00fdstave za nami, tentoraz v Bratislave <img loading=\"lazy\" decoding=\"async\" height=\"16\" width=\"16\" src=\"https:\/\/static.xx.fbcdn.net\/images\/emoji.php\/v9\/ta2\/1\/16\/1f1f8_1f1f0.png\" alt=\"\ud83c\uddf8\ud83c\uddf0\"> V Piatok to bola N\u00e1rodn\u00e1 v\u00fdstava a v Sobotu + Nede\u013eu Medzin\u00e1rodn\u00e1 v\u00fdstava.<\/p>\n\n\n\n<p class=\"has-text-align-center\"><strong><a href=\"https:\/\/www.leilasdreams.sk\/?page_id=79\">AKIM THE PRINCE of Beautiful Leila\u00b4s Dreams<\/a><\/strong><\/p>\n\n\n\n<p class=\"has-text-align-center\"><strong>Piatok, 27.2.2026:<\/strong><br>Rozhodca: \u00c7okcan Fatih (TUR)<br>Trieda \u0160ampi\u00f3nov: V1, CAC<\/p>\n\n\n\n<p class=\"has-text-align-center\"><strong>Sobota, 28.2.2026:<\/strong><br>Rozhodca: Dojchinoski Goran (MK)<br>Trieda \u010cestn\u00e1: V1<\/p>\n\n\n\n<p class=\"has-text-align-center\"><strong>Nede\u013ea, 1.3.2026:<\/strong><br>Rozhodca: Lembas Bartlomiej (PL)<br>Trieda \u010cestn\u00e1: VD1<\/p>\n\n\n\n<p class=\"has-text-align-center\">Nede\u013eu nebudeme rad\u0161ej komentova\u0165 <img loading=\"lazy\" decoding=\"async\" height=\"16\" width=\"16\" alt=\"\ud83d\ude42\" src=\"https:\/\/static.xx.fbcdn.net\/images\/emoji.php\/v9\/t4c\/1\/16\/1f642.png\"> T\u00fdmto v\u00edkendom sme s Akimom rozbehali \u010fal\u0161ie 2 tituly na Slovensku.<\/p>\n\n\n\n<div class=\"wp-block-columns is-layout-flex wp-container-core-columns-is-layout-9d6595d7 wp-block-columns-is-layout-flex\">\n<div class=\"wp-block-column is-layout-flow wp-block-column-is-layout-flow\" style=\"flex-basis:100%\">\n<div class=\"wp-block-columns is-layout-flex wp-container-core-columns-is-layout-9d6595d7 wp-block-columns-is-layout-flex\">\n<div class=\"wp-block-column is-layout-flow wp-block-column-is-layout-flow\"><div class=\"wp-block-image\">\n<figure class=\"aligncenter size-large\"><img loading=\"lazy\" decoding=\"async\" width=\"1024\" height=\"680\" src=\"http:\/\/www.leilasdreams.sk\/wp-content\/uploads\/2026\/03\/646865249_122230869200092071_6864246916544764069_n-1024x680.jpg\" alt=\"\" class=\"wp-image-261\" srcset=\"https:\/\/www.leilasdreams.sk\/wp-content\/uploads\/2026\/03\/646865249_122230869200092071_6864246916544764069_n-1024x680.jpg 1024w, https:\/\/www.leilasdreams.sk\/wp-content\/uploads\/2026\/03\/646865249_122230869200092071_6864246916544764069_n-300x199.jpg 300w, https:\/\/www.leilasdreams.sk\/wp-content\/uploads\/2026\/03\/646865249_122230869200092071_6864246916544764069_n-768x510.jpg 768w, https:\/\/www.leilasdreams.sk\/wp-content\/uploads\/2026\/03\/646865249_122230869200092071_6864246916544764069_n-1536x1020.jpg 1536w, https:\/\/www.leilasdreams.sk\/wp-content\/uploads\/2026\/03\/646865249_122230869200092071_6864246916544764069_n.jpg 2048w\" sizes=\"auto, (max-width: 1024px) 100vw, 1024px\" \/><\/figure>\n<\/div><\/div>\n<\/div>\n<\/div>\n<\/div>\n\n\n\n<hr class=\"wp-block-separator has-alpha-channel-opacity\"\/>\n\n\n\n<p class=\"has-text-align-center\"> <img loading=\"lazy\" decoding=\"async\" height=\"16\" width=\"16\" src=\"https:\/\/static.xx.fbcdn.net\/images\/emoji.php\/v9\/ta2\/1\/16\/1f1f8_1f1f0.png\" alt=\"\ud83c\uddf8\ud83c\uddf0\"> NITRA CARNIVAL CUP <img loading=\"lazy\" decoding=\"async\" height=\"16\" width=\"16\" src=\"https:\/\/static.xx.fbcdn.net\/images\/emoji.php\/v9\/ta2\/1\/16\/1f1f8_1f1f0.png\" alt=\"\ud83c\uddf8\ud83c\uddf0\"><\/p>\n\n\n\n<p class=\"has-text-align-center\"><strong><a href=\"https:\/\/www.leilasdreams.sk\/?page_id=79\">AKIM THE PRINCE of Beautiful Leila\u00b4s Dreams<\/a><\/strong><\/p>\n\n\n\n<p class=\"has-text-align-center\"><strong>Piatok: 30.1.2026<\/strong><br>Rozhodca: Jaroslav Maty\u00e1\u0161 (SK)<br>Hodnotenie: V2, res. CAC, res. CACIB<\/p>\n\n\n\n<p class=\"has-text-align-center\">T\u00fdmto splnil podmienky pre udelenie titulu <strong>Slovensk\u00fd \u0160ampi\u00f3n kr\u00e1sy<\/strong><\/p>\n\n\n\n<figure class=\"wp-block-gallery has-nested-images columns-default is-cropped wp-block-gallery-1 is-layout-flex wp-block-gallery-is-layout-flex\">\n<figure class=\"wp-block-image size-large\"><img loading=\"lazy\" decoding=\"async\" width=\"577\" height=\"1024\" data-id=\"255\" src=\"https:\/\/www.leilasdreams.sk\/wp-content\/uploads\/2026\/02\/9262c263-a2c2-4f84-92d2-fcd4bdd38440-577x1024.jpg\" alt=\"\" class=\"wp-image-255\" srcset=\"https:\/\/www.leilasdreams.sk\/wp-content\/uploads\/2026\/02\/9262c263-a2c2-4f84-92d2-fcd4bdd38440-577x1024.jpg 577w, https:\/\/www.leilasdreams.sk\/wp-content\/uploads\/2026\/02\/9262c263-a2c2-4f84-92d2-fcd4bdd38440-169x300.jpg 169w, https:\/\/www.leilasdreams.sk\/wp-content\/uploads\/2026\/02\/9262c263-a2c2-4f84-92d2-fcd4bdd38440-768x1364.jpg 768w, https:\/\/www.leilasdreams.sk\/wp-content\/uploads\/2026\/02\/9262c263-a2c2-4f84-92d2-fcd4bdd38440-865x1536.jpg 865w, https:\/\/www.leilasdreams.sk\/wp-content\/uploads\/2026\/02\/9262c263-a2c2-4f84-92d2-fcd4bdd38440.jpg 1154w\" sizes=\"auto, (max-width: 577px) 100vw, 577px\" \/><\/figure>\n\n\n\n<figure class=\"wp-block-image size-large\"><img loading=\"lazy\" decoding=\"async\" width=\"1024\" height=\"768\" data-id=\"254\" src=\"https:\/\/www.leilasdreams.sk\/wp-content\/uploads\/2026\/02\/8d731026-69fc-4bbc-8127-71c0ec93911a-1024x768.jpg\" alt=\"\" class=\"wp-image-254\" srcset=\"https:\/\/www.leilasdreams.sk\/wp-content\/uploads\/2026\/02\/8d731026-69fc-4bbc-8127-71c0ec93911a-1024x768.jpg 1024w, https:\/\/www.leilasdreams.sk\/wp-content\/uploads\/2026\/02\/8d731026-69fc-4bbc-8127-71c0ec93911a-300x225.jpg 300w, https:\/\/www.leilasdreams.sk\/wp-content\/uploads\/2026\/02\/8d731026-69fc-4bbc-8127-71c0ec93911a-768x576.jpg 768w, https:\/\/www.leilasdreams.sk\/wp-content\/uploads\/2026\/02\/8d731026-69fc-4bbc-8127-71c0ec93911a-1536x1152.jpg 1536w, https:\/\/www.leilasdreams.sk\/wp-content\/uploads\/2026\/02\/8d731026-69fc-4bbc-8127-71c0ec93911a-160x120.jpg 160w, https:\/\/www.leilasdreams.sk\/wp-content\/uploads\/2026\/02\/8d731026-69fc-4bbc-8127-71c0ec93911a.jpg 2048w\" sizes=\"auto, (max-width: 1024px) 100vw, 1024px\" \/><\/figure>\n<\/figure>\n\n\n\n<hr class=\"wp-block-separator has-alpha-channel-opacity\"\/>\n\n\n\n<p><strong>2025<\/strong><\/p>\n\n\n\n<p class=\"has-text-align-center\">\u010eal\u0161\u00ed n\u00e1dhern\u00fd v\u00fdstavn\u00fd v\u00edkend m\u00e1me za sebou. M\u00e1me neskuto\u010dn\u00fa rados\u0165 a sme pr\u00e1vom hrd\u00fd na n\u00e1\u0161ho Akimka \ud83e\ude75<\/p>\n\n\n\n<p class=\"has-text-align-center\"> <img loading=\"lazy\" decoding=\"async\" height=\"16\" width=\"16\" src=\"https:\/\/static.xx.fbcdn.net\/images\/emoji.php\/v9\/ta2\/1\/16\/1f1f8_1f1f0.png\" alt=\"\ud83c\uddf8\ud83c\uddf0\"> Bratislava DANUBE CACIB 24-26.10.2025 <img loading=\"lazy\" decoding=\"async\" height=\"16\" width=\"16\" src=\"https:\/\/static.xx.fbcdn.net\/images\/emoji.php\/v9\/ta2\/1\/16\/1f1f8_1f1f0.png\" alt=\"\ud83c\uddf8\ud83c\uddf0\"><\/p>\n\n\n\n<p class=\"has-text-align-center\"><strong><a href=\"https:\/\/www.leilasdreams.sk\/?page_id=79\">AKIM THE PRINCE of Beautiful Leila\u00b4s Dreams<\/a><\/strong><\/p>\n\n\n\n<p class=\"has-text-align-center\"><strong>Piatok: 24.10.2025<\/strong><br>Rozhodca: Peter Sopko (SK)<br>Hodnotenie: V1, CAC<\/p>\n\n\n\n<p class=\"has-text-align-center\"><strong>Sobota: 25.10.2025<\/strong><br>Rozhodca: Martin \u0160ipkovsk\u00fd(SK)<br>Hodnotenie: V1<\/p>\n\n\n\n<p class=\"has-text-align-center\"><strong>Nede\u013ea: 26.10.2025<\/strong><br>Rozhodky\u0148a: Zuzana Mikolkov\u00e1 (SK)<br>Hodnotenie: V1, CAC<\/p>\n\n\n\n<p class=\"has-text-align-center\">\u010eakujeme celej na\u0161ej rodine, priate\u013eom, kamar\u00e1tom (proste v\u0161etk\u00fdm\u263a\ufe0f) za ve\u013ek\u00fa podporu v na\u0161ej ceste \ud83e\ude75\ud83e\ude75\ud83e\ude75<\/p>\n\n\n<div class=\"wp-block-image\">\n<figure class=\"aligncenter size-large is-resized\"><img loading=\"lazy\" decoding=\"async\" width=\"768\" height=\"1024\" src=\"https:\/\/www.leilasdreams.sk\/wp-content\/uploads\/2025\/10\/FB_IMG_1761581015706-768x1024.jpg\" alt=\"\" class=\"wp-image-243\" style=\"width:414px;height:auto\" srcset=\"https:\/\/www.leilasdreams.sk\/wp-content\/uploads\/2025\/10\/FB_IMG_1761581015706-768x1024.jpg 768w, https:\/\/www.leilasdreams.sk\/wp-content\/uploads\/2025\/10\/FB_IMG_1761581015706-225x300.jpg 225w, https:\/\/www.leilasdreams.sk\/wp-content\/uploads\/2025\/10\/FB_IMG_1761581015706-1152x1536.jpg 1152w, https:\/\/www.leilasdreams.sk\/wp-content\/uploads\/2025\/10\/FB_IMG_1761581015706.jpg 1536w\" sizes=\"auto, (max-width: 768px) 100vw, 768px\" \/><\/figure>\n<\/div>\n\n\n<hr class=\"wp-block-separator has-alpha-channel-opacity\"\/>\n\n\n\n<p class=\"has-text-align-center\">Kr\u00e1sny v\u00fdstavn\u00fd v\u00edkend za Nami a m\u00e1me ve\u013ek\u00fa rados\u0165 aj ke\u010f Sobota nedopadla \u00faplne pod\u013ea predst\u00e1v, ale aj to sa st\u00e1va. <img loading=\"lazy\" decoding=\"async\" height=\"16\" width=\"16\" alt=\"\u263a\ufe0f\" src=\"https:\/\/static.xx.fbcdn.net\/images\/emoji.php\/v9\/tfb\/1\/16\/263a.png\"><img loading=\"lazy\" decoding=\"async\" height=\"16\" width=\"16\" alt=\"\ud83e\udd72\" src=\"https:\/\/static.xx.fbcdn.net\/images\/emoji.php\/v9\/tec\/1\/16\/1f972.png\"><\/p>\n\n\n\n<p class=\"has-text-align-center\"><img loading=\"lazy\" decoding=\"async\" height=\"16\" width=\"16\" src=\"https:\/\/static.xx.fbcdn.net\/images\/emoji.php\/v9\/t20\/1\/16\/1f1ed_1f1fa.png\" alt=\"\ud83c\udded\ud83c\uddfa\"> Kom\u00e1rom 3x CACIB Show 3-5.10.2025 <img loading=\"lazy\" decoding=\"async\" height=\"16\" width=\"16\" src=\"https:\/\/static.xx.fbcdn.net\/images\/emoji.php\/v9\/t20\/1\/16\/1f1ed_1f1fa.png\" alt=\"\ud83c\udded\ud83c\uddfa\"><\/p>\n\n\n\n<p class=\"has-text-align-center\"><strong><a href=\"https:\/\/www.leilasdreams.sk\/?page_id=79\" data-type=\"page\" data-id=\"79\">AKIM THE PRINCE of Beautiful Leila\u00b4s Dreams<\/a><\/strong><\/p>\n\n\n\n<p class=\"has-text-align-center\"><strong>Piatok: 3.10.2025<\/strong><br>Rozhodca: Erd\u0151s L\u00e1szl\u00f3 (HUN)<br>Hodnotenie: V1, CAC<\/p>\n\n\n\n<p class=\"has-text-align-center\"><strong>Sobota: 4.10.2025<\/strong><br>Rozhodky\u0148a: Tarj\u00e1n Annam\u00e1ria (HUN)<br>Hodnotenie: VD1<\/p>\n\n\n\n<p class=\"has-text-align-center\"><strong>Nede\u013ea: 5.10.2025<\/strong><br>Rozhodca: Vladimir Vukosavljevi\u0107 (SRB)<br>Hodnotenie: V1, CAC, res. CACIB<\/p>\n\n\n\n<div class=\"wp-block-columns is-layout-flex wp-container-core-columns-is-layout-9d6595d7 wp-block-columns-is-layout-flex\">\n<div class=\"wp-block-column is-layout-flow wp-block-column-is-layout-flow\" style=\"flex-basis:100%\">\n<div class=\"wp-block-columns is-layout-flex wp-container-core-columns-is-layout-9d6595d7 wp-block-columns-is-layout-flex\">\n<div class=\"wp-block-column is-layout-flow wp-block-column-is-layout-flow\">\n<figure class=\"wp-block-image size-large\"><img loading=\"lazy\" decoding=\"async\" width=\"768\" height=\"1024\" src=\"http:\/\/www.leilasdreams.sk\/wp-content\/uploads\/2025\/10\/558047917_122214501620092071_3686561128505241393_n-768x1024.jpg\" alt=\"\" class=\"wp-image-236\" srcset=\"https:\/\/www.leilasdreams.sk\/wp-content\/uploads\/2025\/10\/558047917_122214501620092071_3686561128505241393_n-768x1024.jpg 768w, https:\/\/www.leilasdreams.sk\/wp-content\/uploads\/2025\/10\/558047917_122214501620092071_3686561128505241393_n-225x300.jpg 225w, https:\/\/www.leilasdreams.sk\/wp-content\/uploads\/2025\/10\/558047917_122214501620092071_3686561128505241393_n-1152x1536.jpg 1152w, https:\/\/www.leilasdreams.sk\/wp-content\/uploads\/2025\/10\/558047917_122214501620092071_3686561128505241393_n.jpg 1536w\" sizes=\"auto, (max-width: 768px) 100vw, 768px\" \/><\/figure>\n<\/div>\n\n\n\n<div class=\"wp-block-column is-layout-flow wp-block-column-is-layout-flow\">\n<figure class=\"wp-block-image size-large\"><img loading=\"lazy\" decoding=\"async\" width=\"768\" height=\"1024\" src=\"http:\/\/www.leilasdreams.sk\/wp-content\/uploads\/2025\/10\/557290103_122214501536092071_994437181458129736_n-768x1024.jpg\" alt=\"\" class=\"wp-image-235\" srcset=\"https:\/\/www.leilasdreams.sk\/wp-content\/uploads\/2025\/10\/557290103_122214501536092071_994437181458129736_n-768x1024.jpg 768w, https:\/\/www.leilasdreams.sk\/wp-content\/uploads\/2025\/10\/557290103_122214501536092071_994437181458129736_n-225x300.jpg 225w, https:\/\/www.leilasdreams.sk\/wp-content\/uploads\/2025\/10\/557290103_122214501536092071_994437181458129736_n.jpg 1060w\" sizes=\"auto, (max-width: 768px) 100vw, 768px\" \/><\/figure>\n<\/div>\n<\/div>\n<\/div>\n<\/div>\n\n\n\n<p class=\"has-text-align-center\">_____________________________________________________________<\/p>\n\n\n\n<p class=\"has-text-align-center\">20.9.2025 \u0160PECI\u00c1LNA V\u00ddSTAVA Klubu Seversk\u00fdch a Japonsk\u00fdch plemien Var\u00edn, Slovensko<\/p>\n\n\n\n<p class=\"has-text-align-center\"><strong><a href=\"https:\/\/www.leilasdreams.sk\/?page_id=79\" data-type=\"page\" data-id=\"79\">AKIM THE PRINCE of Beautiful Leila\u00b4s Dreams<\/a><\/strong><\/p>\n\n\n\n<p class=\"has-text-align-center\">V2, res. CAC<\/p>\n\n\n<div class=\"wp-block-image\">\n<figure class=\"aligncenter size-large is-resized\"><img loading=\"lazy\" decoding=\"async\" width=\"1024\" height=\"668\" src=\"https:\/\/www.leilasdreams.sk\/wp-content\/uploads\/2025\/09\/DSC_0492-1-1024x668.jpg\" alt=\"\" class=\"wp-image-220\" style=\"width:624px;height:auto\" srcset=\"https:\/\/www.leilasdreams.sk\/wp-content\/uploads\/2025\/09\/DSC_0492-1-1024x668.jpg 1024w, https:\/\/www.leilasdreams.sk\/wp-content\/uploads\/2025\/09\/DSC_0492-1-300x196.jpg 300w, https:\/\/www.leilasdreams.sk\/wp-content\/uploads\/2025\/09\/DSC_0492-1-768x501.jpg 768w, https:\/\/www.leilasdreams.sk\/wp-content\/uploads\/2025\/09\/DSC_0492-1-1536x1002.jpg 1536w, https:\/\/www.leilasdreams.sk\/wp-content\/uploads\/2025\/09\/DSC_0492-1-2048x1336.jpg 2048w\" sizes=\"auto, (max-width: 1024px) 100vw, 1024px\" \/><\/figure>\n<\/div>\n\n\n<p class=\"has-text-align-center\">_____________________________________________________________<\/p>\n\n\n\n<p class=\"has-text-align-center\">M\u00e1me nov\u00e9 zdravotn\u00e9 testy<\/p>\n\n\n\n<p class=\"has-text-align-center\"><strong><a href=\"https:\/\/www.leilasdreams.sk\/?page_id=79\" data-type=\"page\" data-id=\"79\">AKIM THE PRINCE of Beautiful Leila\u00b4s Dreams<\/a><\/strong><\/p>\n\n\n\n<p class=\"has-text-align-center\">o\u010di \u010dist\u00e9 vr\u00e1tanie gonio.<\/p>\n\n\n<div class=\"wp-block-image\">\n<figure class=\"aligncenter size-large is-resized\"><img loading=\"lazy\" decoding=\"async\" width=\"795\" height=\"1024\" src=\"https:\/\/www.leilasdreams.sk\/wp-content\/uploads\/2025\/09\/DSC_0573-795x1024.jpg\" alt=\"\" class=\"wp-image-219\" style=\"width:381px;height:auto\" srcset=\"https:\/\/www.leilasdreams.sk\/wp-content\/uploads\/2025\/09\/DSC_0573-795x1024.jpg 795w, https:\/\/www.leilasdreams.sk\/wp-content\/uploads\/2025\/09\/DSC_0573-233x300.jpg 233w, https:\/\/www.leilasdreams.sk\/wp-content\/uploads\/2025\/09\/DSC_0573-768x989.jpg 768w, https:\/\/www.leilasdreams.sk\/wp-content\/uploads\/2025\/09\/DSC_0573-1193x1536.jpg 1193w, https:\/\/www.leilasdreams.sk\/wp-content\/uploads\/2025\/09\/DSC_0573-1591x2048.jpg 1591w, https:\/\/www.leilasdreams.sk\/wp-content\/uploads\/2025\/09\/DSC_0573.jpg 1798w\" sizes=\"auto, (max-width: 795px) 100vw, 795px\" \/><\/figure>\n<\/div>\n\n\n<p class=\"has-text-align-center\">_____________________________________________________________<\/p>\n\n\n\n<p class=\"has-text-align-center\">17.8.2025 Medzin\u00e1rodn\u00e1 v\u00fdstava psov DUODANUBE BRATISLAVA<\/p>\n\n\n\n<p class=\"has-text-align-center\"><strong><a href=\"https:\/\/www.leilasdreams.sk\/?page_id=79\" data-type=\"page\" data-id=\"79\">AKIM THE PRINCE of Beautiful Leila\u00b4s Dreams<\/a><\/strong><\/p>\n\n\n\n<p class=\"has-text-align-center\">V1, CAC<\/p>\n\n\n\n<div class=\"wp-block-columns is-layout-flex wp-container-core-columns-is-layout-9d6595d7 wp-block-columns-is-layout-flex\">\n<div class=\"wp-block-column is-layout-flow wp-block-column-is-layout-flow\" style=\"flex-basis:50%\">\n<figure class=\"wp-block-gallery has-nested-images columns-default is-cropped wp-block-gallery-2 is-layout-flex wp-block-gallery-is-layout-flex\">\n<figure class=\"wp-block-image size-large\"><img loading=\"lazy\" decoding=\"async\" width=\"1024\" height=\"958\" data-id=\"226\" src=\"https:\/\/www.leilasdreams.sk\/wp-content\/uploads\/2025\/09\/IMG_20250817_200537-1024x958.jpg\" alt=\"\" class=\"wp-image-226\" srcset=\"https:\/\/www.leilasdreams.sk\/wp-content\/uploads\/2025\/09\/IMG_20250817_200537-1024x958.jpg 1024w, https:\/\/www.leilasdreams.sk\/wp-content\/uploads\/2025\/09\/IMG_20250817_200537-300x281.jpg 300w, https:\/\/www.leilasdreams.sk\/wp-content\/uploads\/2025\/09\/IMG_20250817_200537-768x719.jpg 768w, https:\/\/www.leilasdreams.sk\/wp-content\/uploads\/2025\/09\/IMG_20250817_200537-1536x1438.jpg 1536w, https:\/\/www.leilasdreams.sk\/wp-content\/uploads\/2025\/09\/IMG_20250817_200537-2048x1917.jpg 2048w\" sizes=\"auto, (max-width: 1024px) 100vw, 1024px\" \/><\/figure>\n<\/figure>\n<\/div>\n\n\n\n<div class=\"wp-block-column is-layout-flow wp-block-column-is-layout-flow\" style=\"flex-basis:50%\"><div class=\"wp-block-image\">\n<figure class=\"aligncenter size-large is-resized\"><img loading=\"lazy\" decoding=\"async\" width=\"699\" height=\"1024\" src=\"http:\/\/www.leilasdreams.sk\/wp-content\/uploads\/2025\/09\/Messenger_creation_11305C07-88D5-4850-A3A8-F0B893610C4F-699x1024.jpeg\" alt=\"\" class=\"wp-image-225\" style=\"width:382px;height:auto\" srcset=\"https:\/\/www.leilasdreams.sk\/wp-content\/uploads\/2025\/09\/Messenger_creation_11305C07-88D5-4850-A3A8-F0B893610C4F-699x1024.jpeg 699w, https:\/\/www.leilasdreams.sk\/wp-content\/uploads\/2025\/09\/Messenger_creation_11305C07-88D5-4850-A3A8-F0B893610C4F-205x300.jpeg 205w, https:\/\/www.leilasdreams.sk\/wp-content\/uploads\/2025\/09\/Messenger_creation_11305C07-88D5-4850-A3A8-F0B893610C4F-768x1126.jpeg 768w, https:\/\/www.leilasdreams.sk\/wp-content\/uploads\/2025\/09\/Messenger_creation_11305C07-88D5-4850-A3A8-F0B893610C4F-1048x1536.jpeg 1048w, https:\/\/www.leilasdreams.sk\/wp-content\/uploads\/2025\/09\/Messenger_creation_11305C07-88D5-4850-A3A8-F0B893610C4F.jpeg 1397w\" sizes=\"auto, (max-width: 699px) 100vw, 699px\" \/><\/figure>\n<\/div><\/div>\n<\/div>\n\n\n\n<p><\/p>\n","protected":false},"excerpt":{"rendered":"<p>Pl\u00e1nujeme \u0161teniatka na jar 2026. V pr\u00edpade z\u00e1ujmu n\u00e1s nev\u00e1hajte kontaktova\u0165 na beautifulleilasdreams@gmail.com alebo na telef\u00f3nnom \u010d\u00edsle +421 908 550 234. Maminkou bud\u00facich \u0161teniatok bude na\u0161a milovan\u00e1 Leilinka \u2013 Leila Siberian of Kim\u2019s Dream. Otcom pl\u00e1novan\u00e9ho vrhu bude v\u00fdnimo\u010dn\u00fd pes Cupido Love In Hands PERFECT TO ME \u010eal\u0161\u00ed v\u00edkend na v\u00fdstave za nami, tentoraz v&hellip;<\/p>\n","protected":false},"author":1,"featured_media":100,"parent":0,"menu_order":0,"comment_status":"closed","ping_status":"closed","template":"","meta":{"_monsterinsights_skip_tracking":false,"_monsterinsights_sitenote_active":false,"_monsterinsights_sitenote_note":"","_monsterinsights_sitenote_category":0,"footnotes":""},"class_list":["post-17","page","type-page","status-publish","has-post-thumbnail","hentry"],"_links":{"self":[{"href":"https:\/\/www.leilasdreams.sk\/index.php?rest_route=\/wp\/v2\/pages\/17","targetHints":{"allow":["GET"]}}],"collection":[{"href":"https:\/\/www.leilasdreams.sk\/index.php?rest_route=\/wp\/v2\/pages"}],"about":[{"href":"https:\/\/www.leilasdreams.sk\/index.php?rest_route=\/wp\/v2\/types\/page"}],"author":[{"embeddable":true,"href":"https:\/\/www.leilasdreams.sk\/index.php?rest_route=\/wp\/v2\/users\/1"}],"replies":[{"embeddable":true,"href":"https:\/\/www.leilasdreams.sk\/index.php?rest_route=%2Fwp%2Fv2%2Fcomments&post=17"}],"version-history":[{"count":20,"href":"https:\/\/www.leilasdreams.sk\/index.php?rest_route=\/wp\/v2\/pages\/17\/revisions"}],"predecessor-version":[{"id":296,"href":"https:\/\/www.leilasdreams.sk\/index.php?rest_route=\/wp\/v2\/pages\/17\/revisions\/296"}],"wp:featuredmedia":[{"embeddable":true,"href":"https:\/\/www.leilasdreams.sk\/index.php?rest_route=\/wp\/v2\/media\/100"}],"wp:attachment":[{"href":"https:\/\/www.leilasdreams.sk\/index.php?rest_route=%2Fwp%2Fv2%2Fmedia&parent=17"}],"curies":[{"name":"wp","href":"https:\/\/api.w.org\/{rel}","templated":true}]}}