{"id":79,"date":"2025-04-17T15:29:57","date_gmt":"2025-04-17T15:29:57","guid":{"rendered":"https:\/\/www.leilasdreams.sk\/?page_id=79"},"modified":"2026-03-23T08:58:51","modified_gmt":"2026-03-23T08:58:51","slug":"akim-the-prince-of-beautiful-leilas-dreams","status":"publish","type":"page","link":"https:\/\/www.leilasdreams.sk\/?page_id=79","title":{"rendered":"AKIM THE PRINCE of Beautiful Leila\u00b4s Dreams"},"content":{"rendered":"\n<div class=\"wp-block-columns is-layout-flex wp-container-core-columns-is-layout-9d6595d7 wp-block-columns-is-layout-flex\">\n<div class=\"wp-block-column is-layout-flow wp-block-column-is-layout-flow\" style=\"flex-basis:33.33%\">\n<figure class=\"wp-block-gallery has-nested-images columns-default is-cropped wp-block-gallery-1 is-layout-flex wp-block-gallery-is-layout-flex\">\n<figure class=\"wp-block-image size-large\"><img loading=\"lazy\" decoding=\"async\" width=\"682\" height=\"1024\" data-id=\"75\" src=\"https:\/\/www.leilasdreams.sk\/wp-content\/uploads\/2025\/04\/DSC_0348-1-edited-682x1024.jpg\" alt=\"\" class=\"wp-image-75\" srcset=\"https:\/\/www.leilasdreams.sk\/wp-content\/uploads\/2025\/04\/DSC_0348-1-edited-682x1024.jpg 682w, https:\/\/www.leilasdreams.sk\/wp-content\/uploads\/2025\/04\/DSC_0348-1-edited-200x300.jpg 200w, https:\/\/www.leilasdreams.sk\/wp-content\/uploads\/2025\/04\/DSC_0348-1-edited-768x1152.jpg 768w, https:\/\/www.leilasdreams.sk\/wp-content\/uploads\/2025\/04\/DSC_0348-1-edited-1024x1536.jpg 1024w, https:\/\/www.leilasdreams.sk\/wp-content\/uploads\/2025\/04\/DSC_0348-1-edited-1365x2048.jpg 1365w, https:\/\/www.leilasdreams.sk\/wp-content\/uploads\/2025\/04\/DSC_0348-1-edited-scaled.jpg 1706w\" sizes=\"auto, (max-width: 682px) 100vw, 682px\" \/><\/figure>\n<\/figure>\n<\/div>\n\n\n\n<div class=\"wp-block-column is-layout-flow wp-block-column-is-layout-flow\" style=\"flex-basis:66.66%\">\n<p>Modrook\u00fd frajer, ktor\u00fd m\u00e1 dar. Sta\u010d\u00ed, \u017ee sa na teba pozrie \u2013 a kon\u010d\u00ed\u0161. V\u0161etci mu to \u017eer\u00fa aj s navijakom. Nez\u00e1le\u017e\u00ed, \u010di si n\u00e1v\u0161teva, sused alebo niekto, kto tvrd\u00ed, \u017ee \u201epsom neholduje\u201c. Akim si \u0165a z\u00edska. Potichu, bez ve\u013ek\u00fdch gest. Proste len t\u00fdm, \u017ee je.<\/p>\n\n\n\n<p>Je pokojn\u00fd, rozv\u00e1\u017eny, nie je to typ, \u010do by sa st\u00e1le tla\u010dil dopredu. Ale ke\u010f u\u017e niekam pr\u00edde, v\u0161etci si ho v\u0161imn\u00fa. M\u00e1 v sebe tak\u00fd prirodzen\u00fd re\u0161pekt. Nepotrebuje sa predv\u00e1dza\u0165, a aj tak si ukradne cel\u00fa pozornos\u0165.<\/p>\n\n\n\n<p>Je to pes, pri ktorom m\u00e1\u0161 pocit, \u017ee \u0165a \u010d\u00edta. Vie, kedy sa ozva\u0165, vie, kedy by\u0165 ticho. A \u010do je najlep\u0161ie \u2013 nie je len pekn\u00fd, m\u00e1 aj hlavu.<br>Jednoducho \u2013 Akim. Ten, \u010do zlom\u00ed aj t\u00fdch, \u010do si mysleli, \u017ee im husky ni\u010d nehovoria.<\/p>\n\n\n\n<p>D\u00e1tum narodenia: 20.11.2023<\/p>\n\n\n\n<p>HD: A<\/p>\n\n\n\n<p>ED: 0\/0<\/p>\n\n\n\n<p>EYES: CLEAR with gonio.<\/p>\n\n\n\n<p>SLOVENSK\u00dd \u0160AMPI\u00d3N<\/p>\n\n\n\n<p><strong>CHOVN\u00dd PES<\/strong><\/p>\n<\/div>\n<\/div>\n\n\n\n<figure class=\"wp-block-gallery has-nested-images columns-default is-cropped wp-block-gallery-2 is-layout-flex wp-block-gallery-is-layout-flex\">\n<figure class=\"wp-block-image size-large is-style-default\"><img loading=\"lazy\" decoding=\"async\" width=\"751\" height=\"1024\" data-id=\"26\" src=\"https:\/\/www.leilasdreams.sk\/wp-content\/uploads\/2025\/04\/cropped-FB_IMG_1744892353542-751x1024.jpg\" alt=\"\" class=\"wp-image-26\" srcset=\"https:\/\/www.leilasdreams.sk\/wp-content\/uploads\/2025\/04\/cropped-FB_IMG_1744892353542-751x1024.jpg 751w, https:\/\/www.leilasdreams.sk\/wp-content\/uploads\/2025\/04\/cropped-FB_IMG_1744892353542-220x300.jpg 220w, https:\/\/www.leilasdreams.sk\/wp-content\/uploads\/2025\/04\/cropped-FB_IMG_1744892353542-768x1047.jpg 768w, https:\/\/www.leilasdreams.sk\/wp-content\/uploads\/2025\/04\/cropped-FB_IMG_1744892353542.jpg 954w\" sizes=\"auto, (max-width: 751px) 100vw, 751px\" \/><\/figure>\n\n\n\n<figure class=\"wp-block-image size-large\"><img loading=\"lazy\" decoding=\"async\" width=\"1024\" height=\"680\" data-id=\"100\" src=\"https:\/\/www.leilasdreams.sk\/wp-content\/uploads\/2025\/04\/472754793_122179792760092071_4156303702053448045_n-1024x680.jpg\" alt=\"\" class=\"wp-image-100\" srcset=\"https:\/\/www.leilasdreams.sk\/wp-content\/uploads\/2025\/04\/472754793_122179792760092071_4156303702053448045_n-1024x680.jpg 1024w, https:\/\/www.leilasdreams.sk\/wp-content\/uploads\/2025\/04\/472754793_122179792760092071_4156303702053448045_n-300x199.jpg 300w, https:\/\/www.leilasdreams.sk\/wp-content\/uploads\/2025\/04\/472754793_122179792760092071_4156303702053448045_n-768x510.jpg 768w, https:\/\/www.leilasdreams.sk\/wp-content\/uploads\/2025\/04\/472754793_122179792760092071_4156303702053448045_n-1536x1020.jpg 1536w, https:\/\/www.leilasdreams.sk\/wp-content\/uploads\/2025\/04\/472754793_122179792760092071_4156303702053448045_n.jpg 2048w\" sizes=\"auto, (max-width: 1024px) 100vw, 1024px\" \/><\/figure>\n\n\n\n<figure class=\"wp-block-image size-large\"><img loading=\"lazy\" decoding=\"async\" width=\"680\" height=\"1024\" data-id=\"214\" src=\"https:\/\/www.leilasdreams.sk\/wp-content\/uploads\/2025\/09\/DSC_0454-680x1024.jpg\" alt=\"\" class=\"wp-image-214\" srcset=\"https:\/\/www.leilasdreams.sk\/wp-content\/uploads\/2025\/09\/DSC_0454-680x1024.jpg 680w, https:\/\/www.leilasdreams.sk\/wp-content\/uploads\/2025\/09\/DSC_0454-199x300.jpg 199w, https:\/\/www.leilasdreams.sk\/wp-content\/uploads\/2025\/09\/DSC_0454-768x1156.jpg 768w, https:\/\/www.leilasdreams.sk\/wp-content\/uploads\/2025\/09\/DSC_0454-1020x1536.jpg 1020w, https:\/\/www.leilasdreams.sk\/wp-content\/uploads\/2025\/09\/DSC_0454-1360x2048.jpg 1360w, https:\/\/www.leilasdreams.sk\/wp-content\/uploads\/2025\/09\/DSC_0454-scaled.jpg 1700w\" sizes=\"auto, (max-width: 680px) 100vw, 680px\" \/><\/figure>\n\n\n\n<figure class=\"wp-block-image size-large\"><img loading=\"lazy\" decoding=\"async\" width=\"1024\" height=\"680\" data-id=\"181\" src=\"https:\/\/www.leilasdreams.sk\/wp-content\/uploads\/2025\/04\/1744915645029-1024x680.jpg\" alt=\"\" class=\"wp-image-181\" srcset=\"https:\/\/www.leilasdreams.sk\/wp-content\/uploads\/2025\/04\/1744915645029-1024x680.jpg 1024w, https:\/\/www.leilasdreams.sk\/wp-content\/uploads\/2025\/04\/1744915645029-300x199.jpg 300w, https:\/\/www.leilasdreams.sk\/wp-content\/uploads\/2025\/04\/1744915645029-768x510.jpg 768w, https:\/\/www.leilasdreams.sk\/wp-content\/uploads\/2025\/04\/1744915645029-1536x1020.jpg 1536w, https:\/\/www.leilasdreams.sk\/wp-content\/uploads\/2025\/04\/1744915645029-2048x1360.jpg 2048w\" sizes=\"auto, (max-width: 1024px) 100vw, 1024px\" \/><\/figure>\n\n\n\n<figure class=\"wp-block-image size-large\"><img loading=\"lazy\" decoding=\"async\" width=\"1024\" height=\"668\" data-id=\"216\" src=\"https:\/\/www.leilasdreams.sk\/wp-content\/uploads\/2025\/09\/DSC_0492-1024x668.jpg\" alt=\"\" class=\"wp-image-216\" srcset=\"https:\/\/www.leilasdreams.sk\/wp-content\/uploads\/2025\/09\/DSC_0492-1024x668.jpg 1024w, https:\/\/www.leilasdreams.sk\/wp-content\/uploads\/2025\/09\/DSC_0492-300x196.jpg 300w, https:\/\/www.leilasdreams.sk\/wp-content\/uploads\/2025\/09\/DSC_0492-768x501.jpg 768w, https:\/\/www.leilasdreams.sk\/wp-content\/uploads\/2025\/09\/DSC_0492-1536x1002.jpg 1536w, https:\/\/www.leilasdreams.sk\/wp-content\/uploads\/2025\/09\/DSC_0492-2048x1336.jpg 2048w\" sizes=\"auto, (max-width: 1024px) 100vw, 1024px\" \/><\/figure>\n<\/figure>\n\n\n\n<figure class=\"wp-block-image size-large\"><img loading=\"lazy\" decoding=\"async\" width=\"1024\" height=\"680\" src=\"https:\/\/www.leilasdreams.sk\/wp-content\/uploads\/2026\/03\/646865249_122230869200092071_6864246916544764069_n-1-1024x680.jpg\" alt=\"\" class=\"wp-image-266\" srcset=\"https:\/\/www.leilasdreams.sk\/wp-content\/uploads\/2026\/03\/646865249_122230869200092071_6864246916544764069_n-1-1024x680.jpg 1024w, https:\/\/www.leilasdreams.sk\/wp-content\/uploads\/2026\/03\/646865249_122230869200092071_6864246916544764069_n-1-300x199.jpg 300w, https:\/\/www.leilasdreams.sk\/wp-content\/uploads\/2026\/03\/646865249_122230869200092071_6864246916544764069_n-1-768x510.jpg 768w, https:\/\/www.leilasdreams.sk\/wp-content\/uploads\/2026\/03\/646865249_122230869200092071_6864246916544764069_n-1-1536x1020.jpg 1536w, https:\/\/www.leilasdreams.sk\/wp-content\/uploads\/2026\/03\/646865249_122230869200092071_6864246916544764069_n-1.jpg 2048w\" sizes=\"auto, (max-width: 1024px) 100vw, 1024px\" \/><\/figure>\n","protected":false},"excerpt":{"rendered":"<p>Modrook\u00fd frajer, ktor\u00fd m\u00e1 dar. Sta\u010d\u00ed, \u017ee sa na teba pozrie \u2013 a kon\u010d\u00ed\u0161. V\u0161etci mu to \u017eer\u00fa aj s navijakom. Nez\u00e1le\u017e\u00ed, \u010di si n\u00e1v\u0161teva, sused alebo niekto, kto tvrd\u00ed, \u017ee \u201epsom neholduje\u201c. Akim si \u0165a z\u00edska. Potichu, bez ve\u013ek\u00fdch gest. Proste len t\u00fdm, \u017ee je. Je pokojn\u00fd, rozv\u00e1\u017eny, nie je to typ, \u010do by&hellip;<\/p>\n","protected":false},"author":1,"featured_media":152,"parent":0,"menu_order":0,"comment_status":"closed","ping_status":"closed","template":"","meta":{"_monsterinsights_skip_tracking":false,"_monsterinsights_sitenote_active":false,"_monsterinsights_sitenote_note":"","_monsterinsights_sitenote_category":0,"footnotes":""},"class_list":["post-79","page","type-page","status-publish","has-post-thumbnail","hentry"],"_links":{"self":[{"href":"https:\/\/www.leilasdreams.sk\/index.php?rest_route=\/wp\/v2\/pages\/79","targetHints":{"allow":["GET"]}}],"collection":[{"href":"https:\/\/www.leilasdreams.sk\/index.php?rest_route=\/wp\/v2\/pages"}],"about":[{"href":"https:\/\/www.leilasdreams.sk\/index.php?rest_route=\/wp\/v2\/types\/page"}],"author":[{"embeddable":true,"href":"https:\/\/www.leilasdreams.sk\/index.php?rest_route=\/wp\/v2\/users\/1"}],"replies":[{"embeddable":true,"href":"https:\/\/www.leilasdreams.sk\/index.php?rest_route=%2Fwp%2Fv2%2Fcomments&post=79"}],"version-history":[{"count":9,"href":"https:\/\/www.leilasdreams.sk\/index.php?rest_route=\/wp\/v2\/pages\/79\/revisions"}],"predecessor-version":[{"id":267,"href":"https:\/\/www.leilasdreams.sk\/index.php?rest_route=\/wp\/v2\/pages\/79\/revisions\/267"}],"wp:featuredmedia":[{"embeddable":true,"href":"https:\/\/www.leilasdreams.sk\/index.php?rest_route=\/wp\/v2\/media\/152"}],"wp:attachment":[{"href":"https:\/\/www.leilasdreams.sk\/index.php?rest_route=%2Fwp%2Fv2%2Fmedia&parent=79"}],"curies":[{"name":"wp","href":"https:\/\/api.w.org\/{rel}","templated":true}]}}