{"id":81,"date":"2025-04-17T15:30:13","date_gmt":"2025-04-17T15:30:13","guid":{"rendered":"https:\/\/www.leilasdreams.sk\/?page_id=81"},"modified":"2025-05-11T07:43:49","modified_gmt":"2025-05-11T07:43:49","slug":"arra-the-queen-of-beautiful-leilas-dreams","status":"publish","type":"page","link":"https:\/\/www.leilasdreams.sk\/?page_id=81","title":{"rendered":"ARRA THE QUEEN of Beautiful Leila\u00b4s Dreams"},"content":{"rendered":"\n<div class=\"wp-block-columns is-layout-flex wp-container-core-columns-is-layout-9d6595d7 wp-block-columns-is-layout-flex\">\n<div class=\"wp-block-column is-layout-flow wp-block-column-is-layout-flow\" style=\"flex-basis:33.33%\">\n<figure class=\"wp-block-gallery has-nested-images columns-default is-cropped wp-block-gallery-1 is-layout-flex wp-block-gallery-is-layout-flex\">\n<figure class=\"wp-block-image size-large\"><img loading=\"lazy\" decoding=\"async\" width=\"682\" height=\"1024\" data-id=\"77\" src=\"https:\/\/www.leilasdreams.sk\/wp-content\/uploads\/2025\/04\/DSC_0207-2-edited-682x1024.jpg\" alt=\"\" class=\"wp-image-77\" srcset=\"https:\/\/www.leilasdreams.sk\/wp-content\/uploads\/2025\/04\/DSC_0207-2-edited-682x1024.jpg 682w, https:\/\/www.leilasdreams.sk\/wp-content\/uploads\/2025\/04\/DSC_0207-2-edited-200x300.jpg 200w, https:\/\/www.leilasdreams.sk\/wp-content\/uploads\/2025\/04\/DSC_0207-2-edited-768x1152.jpg 768w, https:\/\/www.leilasdreams.sk\/wp-content\/uploads\/2025\/04\/DSC_0207-2-edited-1024x1536.jpg 1024w, https:\/\/www.leilasdreams.sk\/wp-content\/uploads\/2025\/04\/DSC_0207-2-edited-1365x2048.jpg 1365w, https:\/\/www.leilasdreams.sk\/wp-content\/uploads\/2025\/04\/DSC_0207-2-edited-scaled.jpg 1706w\" sizes=\"auto, (max-width: 682px) 100vw, 682px\" \/><\/figure>\n<\/figure>\n<\/div>\n\n\n\n<div class=\"wp-block-column is-layout-flow wp-block-column-is-layout-flow\" style=\"flex-basis:66.66%\">\n<p>Moja vysn\u00edvan\u00e1 hned\u00e1 fenka. O takej som sn\u00edval roky. Ke\u010f sa narodila, vedel som, \u017ee zost\u00e1va doma \u2013 o tom nebolo treba diskutova\u0165.<\/p>\n\n\n\n<p>Povahovo \u00fapln\u00fd opak Leily. Arra je vym\u00fd\u0161\u013eav\u00e1, m\u00e1 svoju hlavu a ide si svoje. Niekedy m\u00e1m pocit, \u017ee ma sk\u00fa\u0161a \u2013 \u010do e\u0161te prejde, kam a\u017e m\u00f4\u017ee z\u00e1js\u0165. Ale pritom v\u0161etkom m\u00e1 v sebe nie\u010do stra\u0161ne sympatick\u00e9. Vie by\u0165 ne\u017en\u00e1, ke\u010f chce. Vie by\u0165 drz\u00e1, ke\u010f sa jej chce. Ale nikdy nie je falo\u0161n\u00e1.<\/p>\n\n\n\n<p>Je to presne ten typ psa, ktor\u00fd \u0165a vie vyto\u010di\u0165\u2026 a z\u00e1rove\u0148 rozosmia\u0165.<br>A aj ke\u010f je \u00faplne in\u00e1, viem, \u017ee patr\u00ed ku mne. Bez debaty.<\/p>\n\n\n\n<p>D\u00e1tum narodenia: 20.11.2023<\/p>\n\n\n\n<p>HD: A<\/p>\n\n\n\n<p>ED: 0\/0<\/p>\n\n\n\n<p>CHOVN\u00c1 FENA<\/p>\n<\/div>\n<\/div>\n\n\n\n<figure class=\"wp-block-gallery has-nested-images columns-default is-cropped wp-block-gallery-2 is-layout-flex wp-block-gallery-is-layout-flex\">\n<figure class=\"wp-block-image size-large\"><img loading=\"lazy\" decoding=\"async\" width=\"680\" height=\"1024\" data-id=\"104\" src=\"https:\/\/www.leilasdreams.sk\/wp-content\/uploads\/2025\/04\/DSC_0293-680x1024.jpg\" alt=\"\" class=\"wp-image-104\" srcset=\"https:\/\/www.leilasdreams.sk\/wp-content\/uploads\/2025\/04\/DSC_0293-680x1024.jpg 680w, https:\/\/www.leilasdreams.sk\/wp-content\/uploads\/2025\/04\/DSC_0293-199x300.jpg 199w, https:\/\/www.leilasdreams.sk\/wp-content\/uploads\/2025\/04\/DSC_0293-768x1156.jpg 768w, https:\/\/www.leilasdreams.sk\/wp-content\/uploads\/2025\/04\/DSC_0293-1020x1536.jpg 1020w, https:\/\/www.leilasdreams.sk\/wp-content\/uploads\/2025\/04\/DSC_0293-1360x2048.jpg 1360w, https:\/\/www.leilasdreams.sk\/wp-content\/uploads\/2025\/04\/DSC_0293-scaled.jpg 1700w\" sizes=\"auto, (max-width: 680px) 100vw, 680px\" \/><\/figure>\n\n\n\n<figure class=\"wp-block-image size-large\"><img loading=\"lazy\" decoding=\"async\" width=\"680\" height=\"1024\" data-id=\"103\" src=\"https:\/\/www.leilasdreams.sk\/wp-content\/uploads\/2025\/04\/DSC_0205-680x1024.jpg\" alt=\"\" class=\"wp-image-103\" srcset=\"https:\/\/www.leilasdreams.sk\/wp-content\/uploads\/2025\/04\/DSC_0205-680x1024.jpg 680w, https:\/\/www.leilasdreams.sk\/wp-content\/uploads\/2025\/04\/DSC_0205-199x300.jpg 199w, https:\/\/www.leilasdreams.sk\/wp-content\/uploads\/2025\/04\/DSC_0205-768x1156.jpg 768w, https:\/\/www.leilasdreams.sk\/wp-content\/uploads\/2025\/04\/DSC_0205-1020x1536.jpg 1020w, https:\/\/www.leilasdreams.sk\/wp-content\/uploads\/2025\/04\/DSC_0205-1360x2048.jpg 1360w, https:\/\/www.leilasdreams.sk\/wp-content\/uploads\/2025\/04\/DSC_0205-scaled.jpg 1700w\" sizes=\"auto, (max-width: 680px) 100vw, 680px\" \/><\/figure>\n\n\n\n<figure class=\"wp-block-image size-large\"><img loading=\"lazy\" decoding=\"async\" width=\"682\" height=\"1024\" data-id=\"77\" src=\"https:\/\/www.leilasdreams.sk\/wp-content\/uploads\/2025\/04\/DSC_0207-2-edited-682x1024.jpg\" alt=\"\" class=\"wp-image-77\" srcset=\"https:\/\/www.leilasdreams.sk\/wp-content\/uploads\/2025\/04\/DSC_0207-2-edited-682x1024.jpg 682w, https:\/\/www.leilasdreams.sk\/wp-content\/uploads\/2025\/04\/DSC_0207-2-edited-200x300.jpg 200w, https:\/\/www.leilasdreams.sk\/wp-content\/uploads\/2025\/04\/DSC_0207-2-edited-768x1152.jpg 768w, https:\/\/www.leilasdreams.sk\/wp-content\/uploads\/2025\/04\/DSC_0207-2-edited-1024x1536.jpg 1024w, https:\/\/www.leilasdreams.sk\/wp-content\/uploads\/2025\/04\/DSC_0207-2-edited-1365x2048.jpg 1365w, https:\/\/www.leilasdreams.sk\/wp-content\/uploads\/2025\/04\/DSC_0207-2-edited-scaled.jpg 1706w\" sizes=\"auto, (max-width: 682px) 100vw, 682px\" \/><\/figure>\n\n\n\n<figure class=\"wp-block-image size-large\"><img loading=\"lazy\" decoding=\"async\" width=\"665\" height=\"1024\" data-id=\"106\" src=\"https:\/\/www.leilasdreams.sk\/wp-content\/uploads\/2025\/04\/472647633_122179792982092071_743006995730686686_n-665x1024.jpg\" alt=\"\" class=\"wp-image-106\" srcset=\"https:\/\/www.leilasdreams.sk\/wp-content\/uploads\/2025\/04\/472647633_122179792982092071_743006995730686686_n-665x1024.jpg 665w, https:\/\/www.leilasdreams.sk\/wp-content\/uploads\/2025\/04\/472647633_122179792982092071_743006995730686686_n-195x300.jpg 195w, https:\/\/www.leilasdreams.sk\/wp-content\/uploads\/2025\/04\/472647633_122179792982092071_743006995730686686_n-768x1183.jpg 768w, https:\/\/www.leilasdreams.sk\/wp-content\/uploads\/2025\/04\/472647633_122179792982092071_743006995730686686_n-997x1536.jpg 997w, https:\/\/www.leilasdreams.sk\/wp-content\/uploads\/2025\/04\/472647633_122179792982092071_743006995730686686_n.jpg 1211w\" sizes=\"auto, (max-width: 665px) 100vw, 665px\" \/><\/figure>\n<\/figure>\n","protected":false},"excerpt":{"rendered":"<p>Moja vysn\u00edvan\u00e1 hned\u00e1 fenka. O takej som sn\u00edval roky. Ke\u010f sa narodila, vedel som, \u017ee zost\u00e1va doma \u2013 o tom nebolo treba diskutova\u0165. Povahovo \u00fapln\u00fd opak Leily. Arra je vym\u00fd\u0161\u013eav\u00e1, m\u00e1 svoju hlavu a ide si svoje. Niekedy m\u00e1m pocit, \u017ee ma sk\u00fa\u0161a \u2013 \u010do e\u0161te prejde, kam a\u017e m\u00f4\u017ee z\u00e1js\u0165. Ale pritom v\u0161etkom m\u00e1&hellip;<\/p>\n","protected":false},"author":1,"featured_media":51,"parent":0,"menu_order":0,"comment_status":"closed","ping_status":"closed","template":"","meta":{"_monsterinsights_skip_tracking":false,"_monsterinsights_sitenote_active":false,"_monsterinsights_sitenote_note":"","_monsterinsights_sitenote_category":0,"footnotes":""},"class_list":["post-81","page","type-page","status-publish","has-post-thumbnail","hentry"],"_links":{"self":[{"href":"https:\/\/www.leilasdreams.sk\/index.php?rest_route=\/wp\/v2\/pages\/81","targetHints":{"allow":["GET"]}}],"collection":[{"href":"https:\/\/www.leilasdreams.sk\/index.php?rest_route=\/wp\/v2\/pages"}],"about":[{"href":"https:\/\/www.leilasdreams.sk\/index.php?rest_route=\/wp\/v2\/types\/page"}],"author":[{"embeddable":true,"href":"https:\/\/www.leilasdreams.sk\/index.php?rest_route=\/wp\/v2\/users\/1"}],"replies":[{"embeddable":true,"href":"https:\/\/www.leilasdreams.sk\/index.php?rest_route=%2Fwp%2Fv2%2Fcomments&post=81"}],"version-history":[{"count":5,"href":"https:\/\/www.leilasdreams.sk\/index.php?rest_route=\/wp\/v2\/pages\/81\/revisions"}],"predecessor-version":[{"id":207,"href":"https:\/\/www.leilasdreams.sk\/index.php?rest_route=\/wp\/v2\/pages\/81\/revisions\/207"}],"wp:featuredmedia":[{"embeddable":true,"href":"https:\/\/www.leilasdreams.sk\/index.php?rest_route=\/wp\/v2\/media\/51"}],"wp:attachment":[{"href":"https:\/\/www.leilasdreams.sk\/index.php?rest_route=%2Fwp%2Fv2%2Fmedia&parent=81"}],"curies":[{"name":"wp","href":"https:\/\/api.w.org\/{rel}","templated":true}]}}