{"id":83,"date":"2025-04-17T15:30:32","date_gmt":"2025-04-17T15:30:32","guid":{"rendered":"https:\/\/www.leilasdreams.sk\/?page_id=83"},"modified":"2026-03-23T09:15:23","modified_gmt":"2026-03-23T09:15:23","slug":"leila-siberian-of-kims-dream","status":"publish","type":"page","link":"https:\/\/www.leilasdreams.sk\/?page_id=83","title":{"rendered":"LEILA SIBERIAN of Kim\u00b4s Dream"},"content":{"rendered":"\n<div class=\"wp-block-columns is-layout-flex wp-container-core-columns-is-layout-9d6595d7 wp-block-columns-is-layout-flex\">\n<div class=\"wp-block-column is-layout-flow wp-block-column-is-layout-flow\" style=\"flex-basis:33.33%\">\n<figure class=\"wp-block-gallery has-nested-images columns-default is-cropped wp-block-gallery-1 is-layout-flex wp-block-gallery-is-layout-flex\">\n<figure class=\"wp-block-image size-large\"><img loading=\"lazy\" decoding=\"async\" width=\"1700\" height=\"2560\" data-id=\"283\" src=\"https:\/\/www.leilasdreams.sk\/wp-content\/uploads\/2026\/03\/DSC_0326-edited-scaled.jpg\" alt=\"\" class=\"wp-image-283\" srcset=\"https:\/\/www.leilasdreams.sk\/wp-content\/uploads\/2026\/03\/DSC_0326-edited-scaled.jpg 1700w, https:\/\/www.leilasdreams.sk\/wp-content\/uploads\/2026\/03\/DSC_0326-edited-199x300.jpg 199w, https:\/\/www.leilasdreams.sk\/wp-content\/uploads\/2026\/03\/DSC_0326-edited-680x1024.jpg 680w, https:\/\/www.leilasdreams.sk\/wp-content\/uploads\/2026\/03\/DSC_0326-edited-768x1156.jpg 768w, https:\/\/www.leilasdreams.sk\/wp-content\/uploads\/2026\/03\/DSC_0326-edited-1020x1536.jpg 1020w, https:\/\/www.leilasdreams.sk\/wp-content\/uploads\/2026\/03\/DSC_0326-edited-1360x2048.jpg 1360w\" sizes=\"auto, (max-width: 1700px) 100vw, 1700px\" \/><\/figure>\n<\/figure>\n<\/div>\n\n\n\n<div class=\"wp-block-column is-layout-flow wp-block-column-is-layout-flow\" style=\"flex-basis:66.66%\">\n<p>Bola \u00faplne in\u00e1, ne\u017e som \u010dakal. Ke\u010f si \u010dlovek vezme prv\u00e9ho psa, \u010dak\u00e1, \u017ee to bude chaos, zuby, bordel a ve\u010dn\u00e9 \u201enie\u201c. A \u00e1no, nie\u010do z toho tam bolo. Ale Leila bola in\u00e1. Od za\u010diatku mala v sebe tak\u00fd zvl\u00e1\u0161tny pokoj. Ne\u0161la do vec\u00ed bezhlavo, rozm\u00fd\u0161\u013eala. <br>\u0164a\u017eko sa to vysvet\u013euje, ale m\u00e1m pri nej pocit, \u017ee to tak malo by\u0165.<br><strong>\u017de pr\u00e1ve ona mala by\u0165 t\u00fdm prv\u00fdm psom. A \u017ee cez \u0148u sa to cel\u00e9 za\u010dalo.<\/strong><\/p>\n\n\n\n<p>D\u00e1tum narodenia: 15.4.2020<\/p>\n\n\n\n<p>HD: A<\/p>\n\n\n\n<p>ED: 0\/0<\/p>\n\n\n\n<p><strong>Chovn\u00e1 Fena<\/strong><\/p>\n\n\n\n<p>Vrhy: <a href=\"https:\/\/www.leilasdreams.sk\/?page_id=128\" data-type=\"page\" data-id=\"128\">A<\/a><\/p>\n<\/div>\n<\/div>\n\n\n\n<figure class=\"wp-block-gallery has-nested-images columns-default is-cropped wp-block-gallery-2 is-layout-flex wp-block-gallery-is-layout-flex\">\n<figure class=\"wp-block-image size-large\"><img loading=\"lazy\" decoding=\"async\" width=\"1024\" height=\"680\" data-id=\"278\" src=\"https:\/\/www.leilasdreams.sk\/wp-content\/uploads\/2026\/03\/DSC_0308-1-1024x680.jpg\" alt=\"\" class=\"wp-image-278\" srcset=\"https:\/\/www.leilasdreams.sk\/wp-content\/uploads\/2026\/03\/DSC_0308-1-1024x680.jpg 1024w, https:\/\/www.leilasdreams.sk\/wp-content\/uploads\/2026\/03\/DSC_0308-1-300x199.jpg 300w, https:\/\/www.leilasdreams.sk\/wp-content\/uploads\/2026\/03\/DSC_0308-1-768x510.jpg 768w, https:\/\/www.leilasdreams.sk\/wp-content\/uploads\/2026\/03\/DSC_0308-1-1536x1020.jpg 1536w, https:\/\/www.leilasdreams.sk\/wp-content\/uploads\/2026\/03\/DSC_0308-1-2048x1360.jpg 2048w\" sizes=\"auto, (max-width: 1024px) 100vw, 1024px\" \/><\/figure>\n\n\n\n<figure class=\"wp-block-image size-large\"><img loading=\"lazy\" decoding=\"async\" width=\"680\" height=\"1024\" data-id=\"279\" src=\"https:\/\/www.leilasdreams.sk\/wp-content\/uploads\/2026\/03\/DSC_0289-1-680x1024.jpg\" alt=\"\" class=\"wp-image-279\" srcset=\"https:\/\/www.leilasdreams.sk\/wp-content\/uploads\/2026\/03\/DSC_0289-1-680x1024.jpg 680w, https:\/\/www.leilasdreams.sk\/wp-content\/uploads\/2026\/03\/DSC_0289-1-199x300.jpg 199w, https:\/\/www.leilasdreams.sk\/wp-content\/uploads\/2026\/03\/DSC_0289-1-768x1156.jpg 768w, https:\/\/www.leilasdreams.sk\/wp-content\/uploads\/2026\/03\/DSC_0289-1-1020x1536.jpg 1020w, https:\/\/www.leilasdreams.sk\/wp-content\/uploads\/2026\/03\/DSC_0289-1-1360x2048.jpg 1360w, https:\/\/www.leilasdreams.sk\/wp-content\/uploads\/2026\/03\/DSC_0289-1-scaled.jpg 1700w\" sizes=\"auto, (max-width: 680px) 100vw, 680px\" \/><\/figure>\n\n\n\n<figure class=\"wp-block-image size-large\"><img loading=\"lazy\" decoding=\"async\" width=\"680\" height=\"1024\" data-id=\"280\" src=\"https:\/\/www.leilasdreams.sk\/wp-content\/uploads\/2026\/03\/DSC_0301-1-680x1024.jpg\" alt=\"\" class=\"wp-image-280\" srcset=\"https:\/\/www.leilasdreams.sk\/wp-content\/uploads\/2026\/03\/DSC_0301-1-680x1024.jpg 680w, https:\/\/www.leilasdreams.sk\/wp-content\/uploads\/2026\/03\/DSC_0301-1-199x300.jpg 199w, https:\/\/www.leilasdreams.sk\/wp-content\/uploads\/2026\/03\/DSC_0301-1-768x1156.jpg 768w, https:\/\/www.leilasdreams.sk\/wp-content\/uploads\/2026\/03\/DSC_0301-1-1020x1536.jpg 1020w, https:\/\/www.leilasdreams.sk\/wp-content\/uploads\/2026\/03\/DSC_0301-1-1360x2048.jpg 1360w, https:\/\/www.leilasdreams.sk\/wp-content\/uploads\/2026\/03\/DSC_0301-1-scaled.jpg 1700w\" sizes=\"auto, (max-width: 680px) 100vw, 680px\" \/><\/figure>\n\n\n\n<figure class=\"wp-block-image size-large\"><img loading=\"lazy\" decoding=\"async\" width=\"680\" height=\"1024\" data-id=\"277\" src=\"https:\/\/www.leilasdreams.sk\/wp-content\/uploads\/2026\/03\/DSC_0362-1-680x1024.jpg\" alt=\"\" class=\"wp-image-277\" srcset=\"https:\/\/www.leilasdreams.sk\/wp-content\/uploads\/2026\/03\/DSC_0362-1-680x1024.jpg 680w, https:\/\/www.leilasdreams.sk\/wp-content\/uploads\/2026\/03\/DSC_0362-1-199x300.jpg 199w, https:\/\/www.leilasdreams.sk\/wp-content\/uploads\/2026\/03\/DSC_0362-1-768x1156.jpg 768w, https:\/\/www.leilasdreams.sk\/wp-content\/uploads\/2026\/03\/DSC_0362-1-1020x1536.jpg 1020w, https:\/\/www.leilasdreams.sk\/wp-content\/uploads\/2026\/03\/DSC_0362-1-1360x2048.jpg 1360w, https:\/\/www.leilasdreams.sk\/wp-content\/uploads\/2026\/03\/DSC_0362-1-scaled.jpg 1700w\" sizes=\"auto, (max-width: 680px) 100vw, 680px\" \/><\/figure>\n\n\n\n<figure class=\"wp-block-image size-large\"><img loading=\"lazy\" decoding=\"async\" width=\"1024\" height=\"680\" data-id=\"281\" src=\"https:\/\/www.leilasdreams.sk\/wp-content\/uploads\/2026\/03\/DSC_0351-1-1024x680.jpg\" alt=\"\" class=\"wp-image-281\" srcset=\"https:\/\/www.leilasdreams.sk\/wp-content\/uploads\/2026\/03\/DSC_0351-1-1024x680.jpg 1024w, https:\/\/www.leilasdreams.sk\/wp-content\/uploads\/2026\/03\/DSC_0351-1-300x199.jpg 300w, https:\/\/www.leilasdreams.sk\/wp-content\/uploads\/2026\/03\/DSC_0351-1-768x510.jpg 768w, https:\/\/www.leilasdreams.sk\/wp-content\/uploads\/2026\/03\/DSC_0351-1-1536x1020.jpg 1536w, https:\/\/www.leilasdreams.sk\/wp-content\/uploads\/2026\/03\/DSC_0351-1-2048x1360.jpg 2048w\" sizes=\"auto, (max-width: 1024px) 100vw, 1024px\" \/><\/figure>\n<\/figure>\n","protected":false},"excerpt":{"rendered":"<p>Bola \u00faplne in\u00e1, ne\u017e som \u010dakal. Ke\u010f si \u010dlovek vezme prv\u00e9ho psa, \u010dak\u00e1, \u017ee to bude chaos, zuby, bordel a ve\u010dn\u00e9 \u201enie\u201c. A \u00e1no, nie\u010do z toho tam bolo. Ale Leila bola in\u00e1. Od za\u010diatku mala v sebe tak\u00fd zvl\u00e1\u0161tny pokoj. Ne\u0161la do vec\u00ed bezhlavo, rozm\u00fd\u0161\u013eala. \u0164a\u017eko sa to vysvet\u013euje, ale m\u00e1m pri nej pocit,&hellip;<\/p>\n","protected":false},"author":1,"featured_media":154,"parent":0,"menu_order":0,"comment_status":"closed","ping_status":"closed","template":"","meta":{"_monsterinsights_skip_tracking":false,"_monsterinsights_sitenote_active":false,"_monsterinsights_sitenote_note":"","_monsterinsights_sitenote_category":0,"footnotes":""},"class_list":["post-83","page","type-page","status-publish","has-post-thumbnail","hentry"],"_links":{"self":[{"href":"https:\/\/www.leilasdreams.sk\/index.php?rest_route=\/wp\/v2\/pages\/83","targetHints":{"allow":["GET"]}}],"collection":[{"href":"https:\/\/www.leilasdreams.sk\/index.php?rest_route=\/wp\/v2\/pages"}],"about":[{"href":"https:\/\/www.leilasdreams.sk\/index.php?rest_route=\/wp\/v2\/types\/page"}],"author":[{"embeddable":true,"href":"https:\/\/www.leilasdreams.sk\/index.php?rest_route=\/wp\/v2\/users\/1"}],"replies":[{"embeddable":true,"href":"https:\/\/www.leilasdreams.sk\/index.php?rest_route=%2Fwp%2Fv2%2Fcomments&post=83"}],"version-history":[{"count":7,"href":"https:\/\/www.leilasdreams.sk\/index.php?rest_route=\/wp\/v2\/pages\/83\/revisions"}],"predecessor-version":[{"id":284,"href":"https:\/\/www.leilasdreams.sk\/index.php?rest_route=\/wp\/v2\/pages\/83\/revisions\/284"}],"wp:featuredmedia":[{"embeddable":true,"href":"https:\/\/www.leilasdreams.sk\/index.php?rest_route=\/wp\/v2\/media\/154"}],"wp:attachment":[{"href":"https:\/\/www.leilasdreams.sk\/index.php?rest_route=%2Fwp%2Fv2%2Fmedia&parent=83"}],"curies":[{"name":"wp","href":"https:\/\/api.w.org\/{rel}","templated":true}]}}